{"id":2064,"date":"2024-03-24T02:26:07","date_gmt":"2024-03-24T02:26:07","guid":{"rendered":"https:\/\/www.ocusgroup.org\/?page_id=2064"},"modified":"2025-09-05T17:43:22","modified_gmt":"2025-09-05T17:43:22","slug":"ocus-geo-ubicacion","status":"publish","type":"page","link":"https:\/\/ocusgroup.org\/en\/ocus-geo-ubicacion\/","title":{"rendered":"OCUS HR"},"content":{"rendered":"<div data-elementor-type=\"wp-page\" data-elementor-id=\"2064\" class=\"elementor elementor-2064\">\n\t\t\t\t\t\t<section class=\"elementor-section elementor-top-section elementor-element elementor-element-478b6ab elementor-section-boxed elementor-section-height-default elementor-section-height-default\" data-id=\"478b6ab\" data-element_type=\"section\" data-e-type=\"section\">\n\t\t\t\t\t\t<div class=\"elementor-container elementor-column-gap-default\">\n\t\t\t\t\t<div class=\"elementor-column elementor-col-100 elementor-top-column elementor-element elementor-element-aa6d981\" data-id=\"aa6d981\" data-element_type=\"column\" data-e-type=\"column\">\n\t\t\t<div class=\"elementor-widget-wrap elementor-element-populated\">\n\t\t\t\t\t\t<div class=\"elementor-element elementor-element-46f895e elementor-widget elementor-widget-text-editor\" data-id=\"46f895e\" data-element_type=\"widget\" data-e-type=\"widget\" data-widget_type=\"text-editor.default\">\n\t\t\t\t<div class=\"elementor-widget-container\">\n\t\t\t\t\t\t\t\t\t<p>OCUS HR<\/p>\t\t\t\t\t\t\t\t<\/div>\n\t\t\t\t<\/div>\n\t\t\t\t<section class=\"elementor-section elementor-inner-section elementor-element elementor-element-b09228b elementor-section-boxed elementor-section-height-default elementor-section-height-default\" data-id=\"b09228b\" data-element_type=\"section\" data-e-type=\"section\">\n\t\t\t\t\t\t<div class=\"elementor-container elementor-column-gap-default\">\n\t\t\t\t\t<div class=\"elementor-column elementor-col-50 elementor-inner-column elementor-element elementor-element-f20629d\" data-id=\"f20629d\" data-element_type=\"column\" data-e-type=\"column\" data-settings=\"{&quot;background_background&quot;:&quot;classic&quot;}\">\n\t\t\t<div class=\"elementor-widget-wrap elementor-element-populated\">\n\t\t\t\t\t\t<div class=\"elementor-element elementor-element-a9acad4 elementor-widget elementor-widget-image\" data-id=\"a9acad4\" data-element_type=\"widget\" data-e-type=\"widget\" data-widget_type=\"image.default\">\n\t\t\t\t<div class=\"elementor-widget-container\">\n\t\t\t\t\t\t\t\t\t\t\t\t\t\t\t<img fetchpriority=\"high\" decoding=\"async\" width=\"1024\" height=\"446\" src=\"https:\/\/ocusgroup.org\/wp-content\/uploads\/2021\/07\/human-resources-customer-care-pool-employees-labor-union-life-insurance-employment-agency-marketing-segmentation-54111238-1024x446.jpg\" class=\"attachment-large size-large wp-image-1866\" alt=\"\" srcset=\"https:\/\/ocusgroup.org\/wp-content\/uploads\/2021\/07\/human-resources-customer-care-pool-employees-labor-union-life-insurance-employment-agency-marketing-segmentation-54111238-1024x446.jpg 1024w, https:\/\/ocusgroup.org\/wp-content\/uploads\/2021\/07\/human-resources-customer-care-pool-employees-labor-union-life-insurance-employment-agency-marketing-segmentation-54111238-300x131.jpg 300w, https:\/\/ocusgroup.org\/wp-content\/uploads\/2021\/07\/human-resources-customer-care-pool-employees-labor-union-life-insurance-employment-agency-marketing-segmentation-54111238-768x335.jpg 768w, https:\/\/ocusgroup.org\/wp-content\/uploads\/2021\/07\/human-resources-customer-care-pool-employees-labor-union-life-insurance-employment-agency-marketing-segmentation-54111238-1536x669.jpg 1536w, https:\/\/ocusgroup.org\/wp-content\/uploads\/2021\/07\/human-resources-customer-care-pool-employees-labor-union-life-insurance-employment-agency-marketing-segmentation-54111238.jpg 1600w\" sizes=\"(max-width: 1024px) 100vw, 1024px\" \/>\t\t\t\t\t\t\t\t\t\t\t\t\t\t\t<\/div>\n\t\t\t\t<\/div>\n\t\t\t\t\t<\/div>\n\t\t<\/div>\n\t\t\t\t<div class=\"elementor-column elementor-col-50 elementor-inner-column elementor-element elementor-element-1272daa\" data-id=\"1272daa\" data-element_type=\"column\" data-e-type=\"column\">\n\t\t\t<div class=\"elementor-widget-wrap elementor-element-populated\">\n\t\t\t\t\t\t<div class=\"elementor-element elementor-element-7e79653 elementor-widget elementor-widget-text-editor\" data-id=\"7e79653\" data-element_type=\"widget\" data-e-type=\"widget\" data-widget_type=\"text-editor.default\">\n\t\t\t\t<div class=\"elementor-widget-container\">\n\t\t\t\t\t\t\t\t\t<ol><li>Filtering and timely detection of problematic personel.<\/li><li>Selection of ideal and compatible human resources for the organization.<\/li><li>Assessing current employees to determine their actual compatibility with the company.<\/li><li>Nivel de compatibilidad de empleados con los pa\u00edses del mundo.<\/li><\/ol>\t\t\t\t\t\t\t\t<\/div>\n\t\t\t\t<\/div>\n\t\t\t\t\t<\/div>\n\t\t<\/div>\n\t\t\t\t\t<\/div>\n\t\t<\/section>\n\t\t\t\t<div class=\"elementor-element elementor-element-c74c4c3 elementor-widget-divider--view-line elementor-widget elementor-widget-divider\" data-id=\"c74c4c3\" data-element_type=\"widget\" data-e-type=\"widget\" data-widget_type=\"divider.default\">\n\t\t\t\t<div class=\"elementor-widget-container\">\n\t\t\t\t\t\t\t<div class=\"elementor-divider\">\n\t\t\t<span class=\"elementor-divider-separator\">\n\t\t\t\t\t\t<\/span>\n\t\t<\/div>\n\t\t\t\t\t\t<\/div>\n\t\t\t\t<\/div>\n\t\t\t\t<div class=\"elementor-element elementor-element-df274bd elementor-widget elementor-widget-text-editor\" data-id=\"df274bd\" data-element_type=\"widget\" data-e-type=\"widget\" data-widget_type=\"text-editor.default\">\n\t\t\t\t<div class=\"elementor-widget-container\">\n\t\t\t\t\t\t\t\t\t<p><strong>Human Talent Filtering and Selection<\/strong><\/p><p>Es posible determinar los niveles de compatibilidad entre el talento humano y las empresas mediante una comparaci\u00f3n cu\u00e1ntica de sus Algoritmos o Dise\u00f1os de Creaci\u00f3n. Optimizamos de manera notable los servicios de las empresas reclutadoras que solicitan nuestra asistencia.\u00a0<\/p><p><strong>No necesitamos pruebas psicom\u00e9tr\u00edcas, de aptitud, etc. ni de contactar con los candidatos directamente, ni pedirles ning\u00fan tipo de documentaci\u00f3n personal.<\/strong><\/p>\t\t\t\t\t\t\t\t<\/div>\n\t\t\t\t<\/div>\n\t\t\t\t<div class=\"elementor-element elementor-element-4407f30 elementor-widget-divider--view-line elementor-widget elementor-widget-divider\" data-id=\"4407f30\" data-element_type=\"widget\" data-e-type=\"widget\" data-widget_type=\"divider.default\">\n\t\t\t\t<div class=\"elementor-widget-container\">\n\t\t\t\t\t\t\t<div class=\"elementor-divider\">\n\t\t\t<span class=\"elementor-divider-separator\">\n\t\t\t\t\t\t<\/span>\n\t\t<\/div>\n\t\t\t\t\t\t<\/div>\n\t\t\t\t<\/div>\n\t\t\t\t<div class=\"elementor-element elementor-element-0807946 elementor-widget elementor-widget-text-editor\" data-id=\"0807946\" data-element_type=\"widget\" data-e-type=\"widget\" data-widget_type=\"text-editor.default\">\n\t\t\t\t<div class=\"elementor-widget-container\">\n\t\t\t\t\t\t\t\t\t<h4 class=\"x-el x-el-h4 c1-1 c1-2 c1-1q c1-1f c1-81 c1-19 c1-17 c1-16 c1-18 c1-b c1-82 c1-62 c1-44 c1-65 c1-67 c1-68 c1-69\" style=\"box-sizing: inherit; font-family: Montserrat, arial, sans-serif; margin-bottom: 24px; overflow-wrap: break-word; font-weight: 400; font-size: 22px; max-width: 100%; line-height: 1.25; color: #1b1b1b; text-align: center;\" role=\"heading\" aria-level=\"4\" data-ux=\"FeaturedHeading\" data-aid=\"CONTENT_WELCOME_TITLE_RENDERED\" data-typography=\"HeadingDelta\">Requirements<\/h4>\n<div class=\"x-el c1-1 c1-2 c1-1q c1-1f c1-4z c1-16 c1-18 c1-83 c1-84 c1-85 c1-86 c1-87 c1-88 c1-89 c1-8a c1-8b c1-8c c1-8d c1-8e c1-8f c1-8g c1-8h c1-8i c1-8j c1-8k c1-8l c1-8m c1-8n c1-8o c1-8p c1-8q c1-8r c1-8s c1-8t c1-8u c1-8v c1-8w c1-8x c1-8y c1-8z c1-7b c1-b c1-90 c1-c c1-44 c1-d c1-e c1-f c1-g x-rt\" style=\"font-size: 16px; box-sizing: inherit; font-family: Montserrat, arial, sans-serif; margin-bottom: 24px; overflow-wrap: break-word; line-height: 1.5; flex-grow: 1; max-width: 100%; color: #5e5e5e; text-align: center;\" data-ux=\"FeaturedText\" data-aid=\"CONTENT_WELCOME_DESCRIPTION_RENDERED\" data-typography=\"BodyAlpha\">\n<p style=\"box-sizing: inherit; margin-right: 0px; margin-bottom: 0px; margin-left: 0px;\"><span style=\"box-sizing: inherit;\"><strong class=\"x-el x-el-span c1-1n c1-1o c1-b c1-91 c1-32 c1-4v c1-92\" style=\"box-sizing: inherit; letter-spacing: inherit; text-transform: inherit; line-height: inherit; font-size: inherit !important;\">Policies, Terms, and Conditions<\/strong><\/span><\/p>\n<p style=\"box-sizing: inherit; margin-right: 0px; margin-bottom: 0px; margin-left: 0px;\"><span style=\"box-sizing: inherit;\">&nbsp;<\/span><\/p>\n<p style=\"box-sizing: inherit; margin-right: 0px; margin-bottom: 0px; margin-left: 0px;\"><span style=\"box-sizing: inherit;\">1) En el caso de nuestros servicios de QSP Talento Humano para la selecci\u00f3n y filtraci\u00f3n del talento humano, el Director, CHRO o Gerente de recursos humanos debe de firmar una carta de autorizaci\u00f3n en la que esta de acuerdo en que Ocus utilice su tecnolog\u00eda para filtrar a los prospectos o empleados a evaluar.<\/span><\/p>\n<p style=\"box-sizing: inherit; margin-right: 0px; margin-bottom: 0px; margin-left: 0px;\"><span style=\"box-sizing: inherit;\">&nbsp;<\/span><\/p>\n<p style=\"box-sizing: inherit; margin-right: 0px; margin-bottom: 0px; margin-left: 0px;\"><span style=\"box-sizing: inherit;\">2) The human talent to be evaluated must provide their consent and authorization to undergo our technology as part of the selection process for the recruiting company requesting our services. If this is not the case, the recruiting company will assume any liability.&nbsp;<\/span><\/p>\n<p style=\"box-sizing: inherit; margin-right: 0px; margin-bottom: 0px; margin-left: 0px;\"><span style=\"box-sizing: inherit;\">&nbsp;<\/span><\/p>\n<p style=\"box-sizing: inherit; margin-right: 0px; margin-bottom: 0px; margin-left: 0px;\"><span style=\"box-sizing: inherit;\">3) \u00danicamente se proveer\u00e1 los resultados de compatibilidad, filtraci\u00f3n y selecci\u00f3n del talento humano. No revelaremos ning\u00fan otro tipo de informaci\u00f3n a la empresa reclutadora relacionado al &nbsp;Algoritmo Personal de los candidatos ni del Algoritmo de las Empresas evaluadas.<\/span><\/p>\n<p style=\"box-sizing: inherit; margin-right: 0px; margin-bottom: 0px; margin-left: 0px;\"><span style=\"box-sizing: inherit;\"><strong class=\"x-el x-el-span c1-1n c1-1o c1-b c1-91 c1-32 c1-4v c1-92\" style=\"box-sizing: inherit; letter-spacing: inherit; text-transform: inherit; line-height: inherit; font-size: inherit !important;\">&nbsp;<\/strong><\/span><\/p>\n<p style=\"box-sizing: inherit; margin-right: 0px; margin-bottom: 0px; margin-left: 0px;\"><span style=\"box-sizing: inherit;\">4) To obtain the Company's Algorithm analysis, you must be the CEO, co-founder, owner, or part of the company's board of directors (with prior authorization from other executives). You must demonstrate that you hold one of these positions as no information will be provided to anyone who does not meet these requirements.<\/span><\/p>\n<p style=\"box-sizing: inherit; margin-right: 0px; margin-bottom: 0px; margin-left: 0px;\"><span style=\"box-sizing: inherit;\">&nbsp;<\/span><\/p>\n<p style=\"box-sizing: inherit; margin-right: 0px; margin-bottom: 0px; margin-left: 0px;\"><span style=\"box-sizing: inherit;\">5) Payment for the service is required to obtain the list of results from the screening and selection of the evaluated human talents.<\/span><\/p>\n<p style=\"box-sizing: inherit; margin-right: 0px; margin-bottom: 0px; margin-left: 0px;\"><span style=\"box-sizing: inherit;\">&nbsp;<\/span><\/p>\n<p style=\"box-sizing: inherit; margin-right: 0px; margin-bottom: 0px; margin-left: 0px;\"><span style=\"box-sizing: inherit;\">6) Payment is required to automatically access your work session with the scientist to obtain your Company's Algorithm.&nbsp;<\/span><\/p>\n<p style=\"box-sizing: inherit; margin-right: 0px; margin-bottom: 0px; margin-left: 0px;\"><span style=\"box-sizing: inherit;\">&nbsp;<\/span><\/p>\n<p style=\"box-sizing: inherit; margin-right: 0px; margin-bottom: 0px; margin-left: 0px;\"><span style=\"box-sizing: inherit;\"><strong class=\"x-el x-el-span c1-1n c1-1o c1-b c1-91 c1-32 c1-4v c1-92\" style=\"box-sizing: inherit; letter-spacing: inherit; text-transform: inherit; line-height: inherit; font-size: inherit !important;\">Confidentiality Agreement and Authorization Letter<\/strong><\/span><\/p>\n<p style=\"box-sizing: inherit; margin-right: 0px; margin-bottom: 0px; margin-left: 0px;\"><span style=\"box-sizing: inherit;\">We consider it important to have an authorization letter and confidentiality agreement (NDA) between<\/span><\/p>\n<p style=\"box-sizing: inherit; margin-right: 0px; margin-bottom: 0px; margin-left: 0px;\"><span style=\"box-sizing: inherit;\">the parties so that, among other things, Ocus agrees to protect and not disclose confidential information<\/span><\/p>\n<p style=\"box-sizing: inherit; margin-right: 0px; margin-bottom: 0px; margin-left: 0px;\"><span style=\"box-sizing: inherit;\">about your company, and in return, you agree to safeguard<\/span><\/p>\n<p style=\"box-sizing: inherit; margin-right: 0px; margin-bottom: 0px; margin-left: 0px;\"><span style=\"box-sizing: inherit;\">razonablemente los entregables de tu Algoritmo Empresarial u otro de los servicios de Ocus.<\/span><\/p>\n<p style=\"box-sizing: inherit; margin-right: 0px; margin-bottom: 0px; margin-left: 0px;\"><span style=\"box-sizing: inherit;\">&nbsp;<\/span><\/p>\n<p style=\"box-sizing: inherit; margin-right: 0px; margin-bottom: 0px; margin-left: 0px;\"><span style=\"box-sizing: inherit;\">To do so, you will need to sign a document through DocuSign, which will be sent to your email.<\/span><\/p>\n<p style=\"box-sizing: inherit; margin-right: 0px; margin-bottom: 0px; margin-left: 0px;\"><span style=\"box-sizing: inherit;\">&nbsp;<\/span><\/p>\n<p style=\"box-sizing: inherit; margin-right: 0px; margin-left: 0px;\"><span style=\"box-sizing: inherit;\">Contact us to provide you with more information, send you the payment link, and the confidentiality agreement documents.&nbsp;<\/span><\/p>\n<\/div>\t\t\t\t\t\t\t\t<\/div>\n\t\t\t\t<\/div>\n\t\t\t\t<div class=\"elementor-element elementor-element-ec46c0d elementor-widget-divider--view-line elementor-widget elementor-widget-divider\" data-id=\"ec46c0d\" data-element_type=\"widget\" data-e-type=\"widget\" data-widget_type=\"divider.default\">\n\t\t\t\t<div class=\"elementor-widget-container\">\n\t\t\t\t\t\t\t<div class=\"elementor-divider\">\n\t\t\t<span class=\"elementor-divider-separator\">\n\t\t\t\t\t\t<\/span>\n\t\t<\/div>\n\t\t\t\t\t\t<\/div>\n\t\t\t\t<\/div>\n\t\t\t\t<div class=\"elementor-element elementor-element-03c92e9 elementor-widget elementor-widget-text-editor\" data-id=\"03c92e9\" data-element_type=\"widget\" data-e-type=\"widget\" data-widget_type=\"text-editor.default\">\n\t\t\t\t<div class=\"elementor-widget-container\">\n\t\t\t\t\t\t\t\t\t<h4 style=\"box-sizing: inherit; font-family: Montserrat, arial, sans-serif; margin-bottom: 24px; overflow-wrap: break-word; font-weight: 400; font-size: 22px; max-width: 100%; line-height: 1.25; color: #151515;\" role=\"heading\" aria-level=\"4\" data-ux=\"FeaturedHeading\" data-aid=\"CONTENT_WELCOME_TITLE_RENDERED\" data-typography=\"HeadingDelta\">Process and Recommendations<\/h4><h4 style=\"box-sizing: inherit; font-family: Montserrat, arial, sans-serif; margin-bottom: 24px; overflow-wrap: break-word; font-weight: 400; font-size: 22px; max-width: 100%; line-height: 1.25; color: #151515;\" role=\"heading\" aria-level=\"4\" data-ux=\"FeaturedHeading\" data-aid=\"CONTENT_WELCOME_TITLE_RENDERED\" data-typography=\"HeadingDelta\"><span style=\"color: rgb(87, 87, 87); font-size: 16px;\">1) Firmar el documento de confidencialidad y autorizaci\u00f3n de la gerencia de recursos humanos a trav\u00e9s de DocuSign.<\/span><\/h4><h4 style=\"box-sizing: inherit; font-family: Montserrat, arial, sans-serif; margin-bottom: 24px; overflow-wrap: break-word; font-weight: 400; font-size: 22px; max-width: 100%; line-height: 1.25; color: #151515;\" role=\"heading\" aria-level=\"4\" data-ux=\"FeaturedHeading\" data-aid=\"CONTENT_WELCOME_TITLE_RENDERED\" data-typography=\"HeadingDelta\"><span style=\"color: rgb(87, 87, 87); font-size: 16px;\">2)Realizar tu pago del servicio que deseas obtener (precio por persona) por medio de un link de pago de Stripe, PayPal o transferencia bancaria.<\/span><\/h4>\t\t\t\t\t\t\t\t<\/div>\n\t\t\t\t<\/div>\n\t\t\t\t\t<\/div>\n\t\t<\/div>\n\t\t\t\t\t<\/div>\n\t\t<\/section>\n\t\t\t\t<\/div>","protected":false},"excerpt":{"rendered":"<p>OCUS RRHH Filtraci\u00f3n y detecci\u00f3n oportuna del recurso humano problem\u00e1tico. Selecci\u00f3n del recurso humano id\u00f3neo y compatible con la empresa. Filtrar a los empleados actuales de la empresa y conocer su compatibilidad real con ella. Nivel de compatibilidad de empleados con los pa\u00edses del mundo. Filtraci\u00f3n y Selecci\u00f3n del Talento Humano Es posible determinar los&#8230;<\/p>","protected":false},"author":1,"featured_media":0,"parent":0,"menu_order":0,"comment_status":"closed","ping_status":"closed","template":"","meta":{"_kad_post_transparent":"","_kad_post_title":"hide","_kad_post_layout":"fullwidth","_kad_post_sidebar_id":"","_kad_post_content_style":"unboxed","_kad_post_vertical_padding":"hide","_kad_post_feature":"hide","_kad_post_feature_position":"","_kad_post_header":false,"_kad_post_footer":false,"_kad_post_classname":"","footnotes":""},"class_list":["post-2064","page","type-page","status-publish","hentry"],"yoast_head":"<!-- This site is optimized with the Yoast SEO plugin v27.4 - https:\/\/yoast.com\/product\/yoast-seo-wordpress\/ -->\n<title>OCUS RRHH - Ocus<\/title>\n<meta name=\"robots\" content=\"index, follow, max-snippet:-1, max-image-preview:large, max-video-preview:-1\" \/>\n<link rel=\"canonical\" href=\"https:\/\/ocusgroup.org\/en\/ocus-geo-ubicacion\/\" \/>\n<meta property=\"og:locale\" content=\"en_US\" \/>\n<meta property=\"og:type\" content=\"article\" \/>\n<meta property=\"og:title\" content=\"OCUS RRHH - Ocus\" \/>\n<meta property=\"og:description\" content=\"OCUS RRHH Filtraci\u00f3n y detecci\u00f3n oportuna del recurso humano problem\u00e1tico. Selecci\u00f3n del recurso humano id\u00f3neo y compatible con la empresa. Filtrar a los empleados actuales de la empresa y conocer su compatibilidad real con ella. Nivel de compatibilidad de empleados con los pa\u00edses del mundo. Filtraci\u00f3n y Selecci\u00f3n del Talento Humano Es posible determinar los...\" \/>\n<meta property=\"og:url\" content=\"https:\/\/ocusgroup.org\/en\/ocus-geo-ubicacion\/\" \/>\n<meta property=\"og:site_name\" content=\"Ocus\" \/>\n<meta property=\"article:modified_time\" content=\"2025-09-05T17:43:22+00:00\" \/>\n<meta property=\"og:image\" content=\"https:\/\/ocusgroup.org\/wp-content\/uploads\/2021\/07\/human-resources-customer-care-pool-employees-labor-union-life-insurance-employment-agency-marketing-segmentation-54111238.jpg\" \/>\n\t<meta property=\"og:image:width\" content=\"1600\" \/>\n\t<meta property=\"og:image:height\" content=\"697\" \/>\n\t<meta property=\"og:image:type\" content=\"image\/jpeg\" \/>\n<meta name=\"twitter:card\" content=\"summary_large_image\" \/>\n<meta name=\"twitter:label1\" content=\"Est. reading time\" \/>\n\t<meta name=\"twitter:data1\" content=\"3 minutes\" \/>\n<script type=\"application\/ld+json\" class=\"yoast-schema-graph\">{\"@context\":\"https:\\\/\\\/schema.org\",\"@graph\":[{\"@type\":\"WebPage\",\"@id\":\"https:\\\/\\\/ocusgroup.org\\\/ocus-geo-ubicacion\\\/\",\"url\":\"https:\\\/\\\/ocusgroup.org\\\/ocus-geo-ubicacion\\\/\",\"name\":\"OCUS RRHH - Ocus\",\"isPartOf\":{\"@id\":\"https:\\\/\\\/ocusgroup.org\\\/#website\"},\"primaryImageOfPage\":{\"@id\":\"https:\\\/\\\/ocusgroup.org\\\/ocus-geo-ubicacion\\\/#primaryimage\"},\"image\":{\"@id\":\"https:\\\/\\\/ocusgroup.org\\\/ocus-geo-ubicacion\\\/#primaryimage\"},\"thumbnailUrl\":\"https:\\\/\\\/ocusgroup.org\\\/wp-content\\\/uploads\\\/2021\\\/07\\\/human-resources-customer-care-pool-employees-labor-union-life-insurance-employment-agency-marketing-segmentation-54111238-1024x446.jpg\",\"datePublished\":\"2024-03-24T02:26:07+00:00\",\"dateModified\":\"2025-09-05T17:43:22+00:00\",\"breadcrumb\":{\"@id\":\"https:\\\/\\\/ocusgroup.org\\\/ocus-geo-ubicacion\\\/#breadcrumb\"},\"inLanguage\":\"en-US\",\"potentialAction\":[{\"@type\":\"ReadAction\",\"target\":[\"https:\\\/\\\/ocusgroup.org\\\/ocus-geo-ubicacion\\\/\"]}]},{\"@type\":\"ImageObject\",\"inLanguage\":\"en-US\",\"@id\":\"https:\\\/\\\/ocusgroup.org\\\/ocus-geo-ubicacion\\\/#primaryimage\",\"url\":\"https:\\\/\\\/ocusgroup.org\\\/wp-content\\\/uploads\\\/2021\\\/07\\\/human-resources-customer-care-pool-employees-labor-union-life-insurance-employment-agency-marketing-segmentation-54111238-1024x446.jpg\",\"contentUrl\":\"https:\\\/\\\/ocusgroup.org\\\/wp-content\\\/uploads\\\/2021\\\/07\\\/human-resources-customer-care-pool-employees-labor-union-life-insurance-employment-agency-marketing-segmentation-54111238-1024x446.jpg\"},{\"@type\":\"BreadcrumbList\",\"@id\":\"https:\\\/\\\/ocusgroup.org\\\/ocus-geo-ubicacion\\\/#breadcrumb\",\"itemListElement\":[{\"@type\":\"ListItem\",\"position\":1,\"name\":\"Portada\",\"item\":\"https:\\\/\\\/ocusgroup.org\\\/\"},{\"@type\":\"ListItem\",\"position\":2,\"name\":\"OCUS RRHH\"}]},{\"@type\":\"WebSite\",\"@id\":\"https:\\\/\\\/ocusgroup.org\\\/#website\",\"url\":\"https:\\\/\\\/ocusgroup.org\\\/\",\"name\":\"Ocus\",\"description\":\"Science Behind Success\",\"publisher\":{\"@id\":\"https:\\\/\\\/ocusgroup.org\\\/#organization\"},\"potentialAction\":[{\"@type\":\"SearchAction\",\"target\":{\"@type\":\"EntryPoint\",\"urlTemplate\":\"https:\\\/\\\/ocusgroup.org\\\/?s={search_term_string}\"},\"query-input\":{\"@type\":\"PropertyValueSpecification\",\"valueRequired\":true,\"valueName\":\"search_term_string\"}}],\"inLanguage\":\"en-US\"},{\"@type\":\"Organization\",\"@id\":\"https:\\\/\\\/ocusgroup.org\\\/#organization\",\"name\":\"Ocus\",\"url\":\"https:\\\/\\\/ocusgroup.org\\\/\",\"logo\":{\"@type\":\"ImageObject\",\"inLanguage\":\"en-US\",\"@id\":\"https:\\\/\\\/ocusgroup.org\\\/#\\\/schema\\\/logo\\\/image\\\/\",\"url\":\"https:\\\/\\\/ocusgroup.org\\\/wp-content\\\/uploads\\\/2021\\\/06\\\/Ocus-AZUL.png\",\"contentUrl\":\"https:\\\/\\\/ocusgroup.org\\\/wp-content\\\/uploads\\\/2021\\\/06\\\/Ocus-AZUL.png\",\"width\":2400,\"height\":1425,\"caption\":\"Ocus\"},\"image\":{\"@id\":\"https:\\\/\\\/ocusgroup.org\\\/#\\\/schema\\\/logo\\\/image\\\/\"}}]}<\/script>\n<!-- \/ Yoast SEO plugin. -->","yoast_head_json":{"title":"OCUS RRHH - Ocus","robots":{"index":"index","follow":"follow","max-snippet":"max-snippet:-1","max-image-preview":"max-image-preview:large","max-video-preview":"max-video-preview:-1"},"canonical":"https:\/\/ocusgroup.org\/en\/ocus-geo-ubicacion\/","og_locale":"en_US","og_type":"article","og_title":"OCUS RRHH - Ocus","og_description":"OCUS RRHH Filtraci\u00f3n y detecci\u00f3n oportuna del recurso humano problem\u00e1tico. Selecci\u00f3n del recurso humano id\u00f3neo y compatible con la empresa. Filtrar a los empleados actuales de la empresa y conocer su compatibilidad real con ella. Nivel de compatibilidad de empleados con los pa\u00edses del mundo. Filtraci\u00f3n y Selecci\u00f3n del Talento Humano Es posible determinar los...","og_url":"https:\/\/ocusgroup.org\/en\/ocus-geo-ubicacion\/","og_site_name":"Ocus","article_modified_time":"2025-09-05T17:43:22+00:00","og_image":[{"width":1600,"height":697,"url":"https:\/\/ocusgroup.org\/wp-content\/uploads\/2021\/07\/human-resources-customer-care-pool-employees-labor-union-life-insurance-employment-agency-marketing-segmentation-54111238.jpg","type":"image\/jpeg"}],"twitter_card":"summary_large_image","twitter_misc":{"Est. reading time":"3 minutes"},"schema":{"@context":"https:\/\/schema.org","@graph":[{"@type":"WebPage","@id":"https:\/\/ocusgroup.org\/ocus-geo-ubicacion\/","url":"https:\/\/ocusgroup.org\/ocus-geo-ubicacion\/","name":"OCUS RRHH - Ocus","isPartOf":{"@id":"https:\/\/ocusgroup.org\/#website"},"primaryImageOfPage":{"@id":"https:\/\/ocusgroup.org\/ocus-geo-ubicacion\/#primaryimage"},"image":{"@id":"https:\/\/ocusgroup.org\/ocus-geo-ubicacion\/#primaryimage"},"thumbnailUrl":"https:\/\/ocusgroup.org\/wp-content\/uploads\/2021\/07\/human-resources-customer-care-pool-employees-labor-union-life-insurance-employment-agency-marketing-segmentation-54111238-1024x446.jpg","datePublished":"2024-03-24T02:26:07+00:00","dateModified":"2025-09-05T17:43:22+00:00","breadcrumb":{"@id":"https:\/\/ocusgroup.org\/ocus-geo-ubicacion\/#breadcrumb"},"inLanguage":"en-US","potentialAction":[{"@type":"ReadAction","target":["https:\/\/ocusgroup.org\/ocus-geo-ubicacion\/"]}]},{"@type":"ImageObject","inLanguage":"en-US","@id":"https:\/\/ocusgroup.org\/ocus-geo-ubicacion\/#primaryimage","url":"https:\/\/ocusgroup.org\/wp-content\/uploads\/2021\/07\/human-resources-customer-care-pool-employees-labor-union-life-insurance-employment-agency-marketing-segmentation-54111238-1024x446.jpg","contentUrl":"https:\/\/ocusgroup.org\/wp-content\/uploads\/2021\/07\/human-resources-customer-care-pool-employees-labor-union-life-insurance-employment-agency-marketing-segmentation-54111238-1024x446.jpg"},{"@type":"BreadcrumbList","@id":"https:\/\/ocusgroup.org\/ocus-geo-ubicacion\/#breadcrumb","itemListElement":[{"@type":"ListItem","position":1,"name":"Portada","item":"https:\/\/ocusgroup.org\/"},{"@type":"ListItem","position":2,"name":"OCUS RRHH"}]},{"@type":"WebSite","@id":"https:\/\/ocusgroup.org\/#website","url":"https:\/\/ocusgroup.org\/","name":"Ocus","description":"Science Behind Success","publisher":{"@id":"https:\/\/ocusgroup.org\/#organization"},"potentialAction":[{"@type":"SearchAction","target":{"@type":"EntryPoint","urlTemplate":"https:\/\/ocusgroup.org\/?s={search_term_string}"},"query-input":{"@type":"PropertyValueSpecification","valueRequired":true,"valueName":"search_term_string"}}],"inLanguage":"en-US"},{"@type":"Organization","@id":"https:\/\/ocusgroup.org\/#organization","name":"Ocus","url":"https:\/\/ocusgroup.org\/","logo":{"@type":"ImageObject","inLanguage":"en-US","@id":"https:\/\/ocusgroup.org\/#\/schema\/logo\/image\/","url":"https:\/\/ocusgroup.org\/wp-content\/uploads\/2021\/06\/Ocus-AZUL.png","contentUrl":"https:\/\/ocusgroup.org\/wp-content\/uploads\/2021\/06\/Ocus-AZUL.png","width":2400,"height":1425,"caption":"Ocus"},"image":{"@id":"https:\/\/ocusgroup.org\/#\/schema\/logo\/image\/"}}]}},"_links":{"self":[{"href":"https:\/\/ocusgroup.org\/en\/wp-json\/wp\/v2\/pages\/2064","targetHints":{"allow":["GET"]}}],"collection":[{"href":"https:\/\/ocusgroup.org\/en\/wp-json\/wp\/v2\/pages"}],"about":[{"href":"https:\/\/ocusgroup.org\/en\/wp-json\/wp\/v2\/types\/page"}],"author":[{"embeddable":true,"href":"https:\/\/ocusgroup.org\/en\/wp-json\/wp\/v2\/users\/1"}],"replies":[{"embeddable":true,"href":"https:\/\/ocusgroup.org\/en\/wp-json\/wp\/v2\/comments?post=2064"}],"version-history":[{"count":34,"href":"https:\/\/ocusgroup.org\/en\/wp-json\/wp\/v2\/pages\/2064\/revisions"}],"predecessor-version":[{"id":2403,"href":"https:\/\/ocusgroup.org\/en\/wp-json\/wp\/v2\/pages\/2064\/revisions\/2403"}],"wp:attachment":[{"href":"https:\/\/ocusgroup.org\/en\/wp-json\/wp\/v2\/media?parent=2064"}],"curies":[{"name":"wp","href":"https:\/\/api.w.org\/{rel}","templated":true}]}}