{"id":1891,"date":"2021-07-12T17:58:58","date_gmt":"2021-07-12T17:58:58","guid":{"rendered":"https:\/\/www.ocusgroup.org\/?page_id=1891"},"modified":"2021-07-14T14:58:28","modified_gmt":"2021-07-14T14:58:28","slug":"preguntas-frecuentes-de-desarrollo-investigacion-cientifica","status":"publish","type":"page","link":"https:\/\/ocusgroup.org\/en\/preguntas-frecuentes-de-desarrollo-investigacion-cientifica\/","title":{"rendered":"PREGUNTAS FRECUENTES DE DESARROLLO INVESTIGACION CIENTIFICA"},"content":{"rendered":"<div data-elementor-type=\"wp-page\" data-elementor-id=\"1891\" class=\"elementor elementor-1891\">\n\t\t\t\t\t\t<section class=\"elementor-section elementor-top-section elementor-element elementor-element-e9d0223 elementor-section-boxed elementor-section-height-default elementor-section-height-default\" data-id=\"e9d0223\" data-element_type=\"section\" data-e-type=\"section\">\n\t\t\t\t\t\t<div class=\"elementor-container elementor-column-gap-default\">\n\t\t\t\t\t<div class=\"elementor-column elementor-col-100 elementor-top-column elementor-element elementor-element-3ee0c21\" data-id=\"3ee0c21\" data-element_type=\"column\" data-e-type=\"column\">\n\t\t\t<div class=\"elementor-widget-wrap elementor-element-populated\">\n\t\t\t\t\t\t<div class=\"elementor-element elementor-element-dad16a7 elementor-widget elementor-widget-text-editor\" data-id=\"dad16a7\" data-element_type=\"widget\" data-e-type=\"widget\" data-widget_type=\"text-editor.default\">\n\t\t\t\t<div class=\"elementor-widget-container\">\n\t\t\t\t\t\t\t\t\t<p>PREGUNTAS FRECUENTES DE DESARROLLO INVESTIGACION CIENTIFICA<\/p>\t\t\t\t\t\t\t\t<\/div>\n\t\t\t\t<\/div>\n\t\t\t\t\t<\/div>\n\t\t<\/div>\n\t\t\t\t\t<\/div>\n\t\t<\/section>\n\t\t\t\t<section class=\"elementor-section elementor-top-section elementor-element elementor-element-237eb313 elementor-section-boxed elementor-section-height-default elementor-section-height-default\" data-id=\"237eb313\" data-element_type=\"section\" data-e-type=\"section\">\n\t\t\t\t\t\t<div class=\"elementor-container elementor-column-gap-default\">\n\t\t\t\t\t<div class=\"elementor-column elementor-col-100 elementor-top-column elementor-element elementor-element-24d6de45\" data-id=\"24d6de45\" data-element_type=\"column\" data-e-type=\"column\">\n\t\t\t<div class=\"elementor-widget-wrap elementor-element-populated\">\n\t\t\t\t\t\t<div class=\"elementor-element elementor-element-465ca875 elementor-widget elementor-widget-text-editor\" data-id=\"465ca875\" data-element_type=\"widget\" data-e-type=\"widget\" data-widget_type=\"text-editor.default\">\n\t\t\t\t<div class=\"elementor-widget-container\">\n\t\t\t\t\t\t\t\t\t<p>WHAT THE USES OF THIS SYSTEM ARE IN SCIENCE?<\/p>\t\t\t\t\t\t\t\t<\/div>\n\t\t\t\t<\/div>\n\t\t\t\t<div class=\"elementor-element elementor-element-1f25fa49 elementor-widget elementor-widget-text-editor\" data-id=\"1f25fa49\" data-element_type=\"widget\" data-e-type=\"widget\" data-widget_type=\"text-editor.default\">\n\t\t\t\t<div class=\"elementor-widget-container\">\n\t\t\t\t\t\t\t\t\t<ul><li>In scientific research projects, we look forward to creating formulas seeking for a higher level than those already existing in the market.<\/li><li>We can validate companies' products or formulations from other companies to determine your quality level.<\/li><li>It is feasible to reduce 10 years of research to 2-3 years, saving up to 80% of time and resources.<\/li><\/ul>\t\t\t\t\t\t\t\t<\/div>\n\t\t\t\t<\/div>\n\t\t\t\t<div class=\"elementor-element elementor-element-7f394eb2 elementor-widget elementor-widget-image\" data-id=\"7f394eb2\" data-element_type=\"widget\" data-e-type=\"widget\" data-widget_type=\"image.default\">\n\t\t\t\t<div class=\"elementor-widget-container\">\n\t\t\t\t\t\t\t\t\t\t\t\t\t\t\t<img fetchpriority=\"high\" decoding=\"async\" width=\"768\" height=\"356\" src=\"https:\/\/ocusgroup.org\/wp-content\/uploads\/2021\/07\/ciencia-Y-TECNOLOGIA-1-768x356.jpg\" class=\"attachment-medium_large size-medium_large wp-image-1896\" alt=\"\" srcset=\"https:\/\/ocusgroup.org\/wp-content\/uploads\/2021\/07\/ciencia-Y-TECNOLOGIA-1-768x356.jpg 768w, https:\/\/ocusgroup.org\/wp-content\/uploads\/2021\/07\/ciencia-Y-TECNOLOGIA-1-300x139.jpg 300w, https:\/\/ocusgroup.org\/wp-content\/uploads\/2021\/07\/ciencia-Y-TECNOLOGIA-1.jpg 925w\" sizes=\"(max-width: 768px) 100vw, 768px\" \/>\t\t\t\t\t\t\t\t\t\t\t\t\t\t\t<\/div>\n\t\t\t\t<\/div>\n\t\t\t\t\t<\/div>\n\t\t<\/div>\n\t\t\t\t\t<\/div>\n\t\t<\/section>\n\t\t\t\t<section class=\"elementor-section elementor-top-section elementor-element elementor-element-5adb2697 elementor-section-boxed elementor-section-height-default elementor-section-height-default\" data-id=\"5adb2697\" data-element_type=\"section\" data-e-type=\"section\">\n\t\t\t\t\t\t<div class=\"elementor-container elementor-column-gap-default\">\n\t\t\t\t\t<div class=\"elementor-column elementor-col-100 elementor-top-column elementor-element elementor-element-66ab814\" data-id=\"66ab814\" data-element_type=\"column\" data-e-type=\"column\">\n\t\t\t<div class=\"elementor-widget-wrap elementor-element-populated\">\n\t\t\t\t\t\t<div class=\"elementor-element elementor-element-37cc1b4 elementor-widget elementor-widget-text-editor\" data-id=\"37cc1b4\" data-element_type=\"widget\" data-e-type=\"widget\" data-widget_type=\"text-editor.default\">\n\t\t\t\t<div class=\"elementor-widget-container\">\n\t\t\t\t\t\t\t\t\t<p>\u00bfEN QUE AYUDA EN TECNOLOG\u00cdA Y CIENCIA?<\/p>\t\t\t\t\t\t\t\t<\/div>\n\t\t\t\t<\/div>\n\t\t\t\t<div class=\"elementor-element elementor-element-6007b7cb elementor-widget elementor-widget-text-editor\" data-id=\"6007b7cb\" data-element_type=\"widget\" data-e-type=\"widget\" data-widget_type=\"text-editor.default\">\n\t\t\t\t<div class=\"elementor-widget-container\">\n\t\t\t\t\t\t\t\t\t<p>\u201cLa ciencia detr\u00e1s del \u00e9xito\u201d suena a mucho y en este caso es un hecho.<\/p><p>Este sistema es la base, la plantilla, el modelo, la plataforma que puede llevar a cualquier ciencia o tecnolog\u00eda a su m\u00e1xima expresi\u00f3n.<\/p><p>Elimina o minimiza el proceso normal cient\u00edfico de hip\u00f3tesis, ensayo y error, va directo a la fuente acelerando cualquier proceso, ayudando a dar respuesta.<\/p><p>Como cualquier ciencia es totalmente comprobable y es lo \u00fanico hasta ahora conocido que puede llegar hasta lo mas alto y lo mejor en el menor tiempo.<\/p><p><b>Trata de contactarnos antes que tu competencia y jugaras con ventaja.<\/b><\/p>\t\t\t\t\t\t\t\t<\/div>\n\t\t\t\t<\/div>\n\t\t\t\t<div class=\"elementor-element elementor-element-2b86c3aa elementor-widget elementor-widget-image\" data-id=\"2b86c3aa\" data-element_type=\"widget\" data-e-type=\"widget\" data-widget_type=\"image.default\">\n\t\t\t\t<div class=\"elementor-widget-container\">\n\t\t\t\t\t\t\t\t\t\t\t\t\t\t\t<img decoding=\"async\" width=\"768\" height=\"247\" src=\"https:\/\/ocusgroup.org\/wp-content\/uploads\/2021\/07\/AYUDA-LA-CIENCIA-768x247.jpg\" class=\"attachment-medium_large size-medium_large wp-image-1898\" alt=\"\" srcset=\"https:\/\/ocusgroup.org\/wp-content\/uploads\/2021\/07\/AYUDA-LA-CIENCIA-768x247.jpg 768w, https:\/\/ocusgroup.org\/wp-content\/uploads\/2021\/07\/AYUDA-LA-CIENCIA-300x97.jpg 300w, https:\/\/ocusgroup.org\/wp-content\/uploads\/2021\/07\/AYUDA-LA-CIENCIA.jpg 795w\" sizes=\"(max-width: 768px) 100vw, 768px\" \/>\t\t\t\t\t\t\t\t\t\t\t\t\t\t\t<\/div>\n\t\t\t\t<\/div>\n\t\t\t\t\t<\/div>\n\t\t<\/div>\n\t\t\t\t\t<\/div>\n\t\t<\/section>\n\t\t\t\t<section class=\"elementor-section elementor-top-section elementor-element elementor-element-64b8c4b8 elementor-section-boxed elementor-section-height-default elementor-section-height-default\" data-id=\"64b8c4b8\" data-element_type=\"section\" data-e-type=\"section\">\n\t\t\t\t\t\t<div class=\"elementor-container elementor-column-gap-default\">\n\t\t\t\t\t<div class=\"elementor-column elementor-col-50 elementor-top-column elementor-element elementor-element-3b694e31\" data-id=\"3b694e31\" data-element_type=\"column\" data-e-type=\"column\">\n\t\t\t<div class=\"elementor-widget-wrap elementor-element-populated\">\n\t\t\t\t\t\t<div class=\"elementor-element elementor-element-6c49a0ca elementor-align-center elementor-widget elementor-widget-button\" data-id=\"6c49a0ca\" data-element_type=\"widget\" data-e-type=\"widget\" data-widget_type=\"button.default\">\n\t\t\t\t<div class=\"elementor-widget-container\">\n\t\t\t\t\t\t\t\t\t<div class=\"elementor-button-wrapper\">\n\t\t\t\t\t<a class=\"elementor-button elementor-button-link elementor-size-lg\" href=\"https:\/\/ocusgroup.org\/en\/contacto\/\">\n\t\t\t\t\t\t<span class=\"elementor-button-content-wrapper\">\n\t\t\t\t\t\t<span class=\"elementor-button-icon\">\n\t\t\t\t<i aria-hidden=\"true\" class=\"fas fa-location-arrow\"><\/i>\t\t\t<\/span>\n\t\t\t\t\t\t\t\t\t<span class=\"elementor-button-text\">CONTACT US<\/span>\n\t\t\t\t\t<\/span>\n\t\t\t\t\t<\/a>\n\t\t\t\t<\/div>\n\t\t\t\t\t\t\t\t<\/div>\n\t\t\t\t<\/div>\n\t\t\t\t\t<\/div>\n\t\t<\/div>\n\t\t\t\t<div class=\"elementor-column elementor-col-50 elementor-top-column elementor-element elementor-element-1851324b\" data-id=\"1851324b\" data-element_type=\"column\" data-e-type=\"column\">\n\t\t\t<div class=\"elementor-widget-wrap elementor-element-populated\">\n\t\t\t\t\t\t<div class=\"elementor-element elementor-element-2ee9025b elementor-align-center elementor-widget elementor-widget-button\" data-id=\"2ee9025b\" data-element_type=\"widget\" data-e-type=\"widget\" data-widget_type=\"button.default\">\n\t\t\t\t<div class=\"elementor-widget-container\">\n\t\t\t\t\t\t\t\t\t<div class=\"elementor-button-wrapper\">\n\t\t\t\t\t<a class=\"elementor-button elementor-button-link elementor-size-lg\" href=\"https:\/\/ocusgroup.org\/en\/preguntas-frecuentes\/\">\n\t\t\t\t\t\t<span class=\"elementor-button-content-wrapper\">\n\t\t\t\t\t\t<span class=\"elementor-button-icon\">\n\t\t\t\t<i aria-hidden=\"true\" class=\"fas fa-location-arrow\"><\/i>\t\t\t<\/span>\n\t\t\t\t\t\t\t\t\t<span class=\"elementor-button-text\">FREQUENT ASKED QUESTIONS<\/span>\n\t\t\t\t\t<\/span>\n\t\t\t\t\t<\/a>\n\t\t\t\t<\/div>\n\t\t\t\t\t\t\t\t<\/div>\n\t\t\t\t<\/div>\n\t\t\t\t\t<\/div>\n\t\t<\/div>\n\t\t\t\t\t<\/div>\n\t\t<\/section>\n\t\t\t\t<\/div>","protected":false},"excerpt":{"rendered":"<p>PREGUNTAS FRECUENTES DE DESARROLLO INVESTIGACION CIENTIFICA \u00bfQUE USOS HAY DE ESTE SISTEMA EN CIENCIA? En proyectos de investigaci\u00f3n cient\u00edfica, se busca creaci\u00f3n de formulas buscando un nivel superior a lo existente en el mercado. Podemos validar productos o formulaciones de otras empresas para determinar su nivel de calidad. Se puede reducir 10 a\u00f1os de investigaci\u00f3n&#8230;<\/p>","protected":false},"author":1,"featured_media":0,"parent":0,"menu_order":0,"comment_status":"closed","ping_status":"closed","template":"","meta":{"_kad_post_transparent":"","_kad_post_title":"hide","_kad_post_layout":"fullwidth","_kad_post_sidebar_id":"","_kad_post_content_style":"unboxed","_kad_post_vertical_padding":"hide","_kad_post_feature":"hide","_kad_post_feature_position":"","_kad_post_header":false,"_kad_post_footer":false,"_kad_post_classname":"","footnotes":""},"class_list":["post-1891","page","type-page","status-publish","hentry"],"yoast_head":"<!-- This site is optimized with the Yoast SEO plugin v27.5 - https:\/\/yoast.com\/product\/yoast-seo-wordpress\/ -->\n<title>PREGUNTAS FRECUENTES DE DESARROLLO INVESTIGACION CIENTIFICA - Ocus<\/title>\n<meta name=\"robots\" content=\"index, follow, max-snippet:-1, max-image-preview:large, max-video-preview:-1\" \/>\n<link rel=\"canonical\" href=\"https:\/\/ocusgroup.org\/en\/preguntas-frecuentes-de-desarrollo-investigacion-cientifica\/\" \/>\n<meta property=\"og:locale\" content=\"en_US\" \/>\n<meta property=\"og:type\" content=\"article\" \/>\n<meta property=\"og:title\" content=\"PREGUNTAS FRECUENTES DE DESARROLLO INVESTIGACION CIENTIFICA - Ocus\" \/>\n<meta property=\"og:description\" content=\"PREGUNTAS FRECUENTES DE DESARROLLO INVESTIGACION CIENTIFICA \u00bfQUE USOS HAY DE ESTE SISTEMA EN CIENCIA? En proyectos de investigaci\u00f3n cient\u00edfica, se busca creaci\u00f3n de formulas buscando un nivel superior a lo existente en el mercado. Podemos validar productos o formulaciones de otras empresas para determinar su nivel de calidad. Se puede reducir 10 a\u00f1os de investigaci\u00f3n...\" \/>\n<meta property=\"og:url\" content=\"https:\/\/ocusgroup.org\/en\/preguntas-frecuentes-de-desarrollo-investigacion-cientifica\/\" \/>\n<meta property=\"og:site_name\" content=\"Ocus\" \/>\n<meta property=\"article:modified_time\" content=\"2021-07-14T14:58:28+00:00\" \/>\n<meta property=\"og:image\" content=\"https:\/\/ocusgroup.org\/wp-content\/uploads\/2021\/07\/ciencia-Y-TECNOLOGIA-1-768x356.jpg\" \/>\n<meta name=\"twitter:card\" content=\"summary_large_image\" \/>\n<meta name=\"twitter:label1\" content=\"Est. reading time\" \/>\n\t<meta name=\"twitter:data1\" content=\"1 minute\" \/>\n<script type=\"application\/ld+json\" class=\"yoast-schema-graph\">{\"@context\":\"https:\\\/\\\/schema.org\",\"@graph\":[{\"@type\":\"WebPage\",\"@id\":\"https:\\\/\\\/ocusgroup.org\\\/preguntas-frecuentes-de-desarrollo-investigacion-cientifica\\\/\",\"url\":\"https:\\\/\\\/ocusgroup.org\\\/preguntas-frecuentes-de-desarrollo-investigacion-cientifica\\\/\",\"name\":\"PREGUNTAS FRECUENTES DE DESARROLLO INVESTIGACION CIENTIFICA - Ocus\",\"isPartOf\":{\"@id\":\"https:\\\/\\\/ocusgroup.org\\\/#website\"},\"primaryImageOfPage\":{\"@id\":\"https:\\\/\\\/ocusgroup.org\\\/preguntas-frecuentes-de-desarrollo-investigacion-cientifica\\\/#primaryimage\"},\"image\":{\"@id\":\"https:\\\/\\\/ocusgroup.org\\\/preguntas-frecuentes-de-desarrollo-investigacion-cientifica\\\/#primaryimage\"},\"thumbnailUrl\":\"https:\\\/\\\/ocusgroup.org\\\/wp-content\\\/uploads\\\/2021\\\/07\\\/ciencia-Y-TECNOLOGIA-1-768x356.jpg\",\"datePublished\":\"2021-07-12T17:58:58+00:00\",\"dateModified\":\"2021-07-14T14:58:28+00:00\",\"breadcrumb\":{\"@id\":\"https:\\\/\\\/ocusgroup.org\\\/preguntas-frecuentes-de-desarrollo-investigacion-cientifica\\\/#breadcrumb\"},\"inLanguage\":\"en-US\",\"potentialAction\":[{\"@type\":\"ReadAction\",\"target\":[\"https:\\\/\\\/ocusgroup.org\\\/preguntas-frecuentes-de-desarrollo-investigacion-cientifica\\\/\"]}]},{\"@type\":\"ImageObject\",\"inLanguage\":\"en-US\",\"@id\":\"https:\\\/\\\/ocusgroup.org\\\/preguntas-frecuentes-de-desarrollo-investigacion-cientifica\\\/#primaryimage\",\"url\":\"https:\\\/\\\/ocusgroup.org\\\/wp-content\\\/uploads\\\/2021\\\/07\\\/ciencia-Y-TECNOLOGIA-1-768x356.jpg\",\"contentUrl\":\"https:\\\/\\\/ocusgroup.org\\\/wp-content\\\/uploads\\\/2021\\\/07\\\/ciencia-Y-TECNOLOGIA-1-768x356.jpg\"},{\"@type\":\"BreadcrumbList\",\"@id\":\"https:\\\/\\\/ocusgroup.org\\\/preguntas-frecuentes-de-desarrollo-investigacion-cientifica\\\/#breadcrumb\",\"itemListElement\":[{\"@type\":\"ListItem\",\"position\":1,\"name\":\"Portada\",\"item\":\"https:\\\/\\\/ocusgroup.org\\\/\"},{\"@type\":\"ListItem\",\"position\":2,\"name\":\"PREGUNTAS FRECUENTES DE DESARROLLO INVESTIGACION CIENTIFICA\"}]},{\"@type\":\"WebSite\",\"@id\":\"https:\\\/\\\/ocusgroup.org\\\/#website\",\"url\":\"https:\\\/\\\/ocusgroup.org\\\/\",\"name\":\"Ocus\",\"description\":\"Science Behind Success\",\"publisher\":{\"@id\":\"https:\\\/\\\/ocusgroup.org\\\/#organization\"},\"potentialAction\":[{\"@type\":\"SearchAction\",\"target\":{\"@type\":\"EntryPoint\",\"urlTemplate\":\"https:\\\/\\\/ocusgroup.org\\\/?s={search_term_string}\"},\"query-input\":{\"@type\":\"PropertyValueSpecification\",\"valueRequired\":true,\"valueName\":\"search_term_string\"}}],\"inLanguage\":\"en-US\"},{\"@type\":\"Organization\",\"@id\":\"https:\\\/\\\/ocusgroup.org\\\/#organization\",\"name\":\"Ocus\",\"url\":\"https:\\\/\\\/ocusgroup.org\\\/\",\"logo\":{\"@type\":\"ImageObject\",\"inLanguage\":\"en-US\",\"@id\":\"https:\\\/\\\/ocusgroup.org\\\/#\\\/schema\\\/logo\\\/image\\\/\",\"url\":\"https:\\\/\\\/ocusgroup.org\\\/wp-content\\\/uploads\\\/2021\\\/06\\\/Ocus-AZUL.png\",\"contentUrl\":\"https:\\\/\\\/ocusgroup.org\\\/wp-content\\\/uploads\\\/2021\\\/06\\\/Ocus-AZUL.png\",\"width\":2400,\"height\":1425,\"caption\":\"Ocus\"},\"image\":{\"@id\":\"https:\\\/\\\/ocusgroup.org\\\/#\\\/schema\\\/logo\\\/image\\\/\"}}]}<\/script>\n<!-- \/ Yoast SEO plugin. -->","yoast_head_json":{"title":"PREGUNTAS FRECUENTES DE DESARROLLO INVESTIGACION CIENTIFICA - Ocus","robots":{"index":"index","follow":"follow","max-snippet":"max-snippet:-1","max-image-preview":"max-image-preview:large","max-video-preview":"max-video-preview:-1"},"canonical":"https:\/\/ocusgroup.org\/en\/preguntas-frecuentes-de-desarrollo-investigacion-cientifica\/","og_locale":"en_US","og_type":"article","og_title":"PREGUNTAS FRECUENTES DE DESARROLLO INVESTIGACION CIENTIFICA - Ocus","og_description":"PREGUNTAS FRECUENTES DE DESARROLLO INVESTIGACION CIENTIFICA \u00bfQUE USOS HAY DE ESTE SISTEMA EN CIENCIA? En proyectos de investigaci\u00f3n cient\u00edfica, se busca creaci\u00f3n de formulas buscando un nivel superior a lo existente en el mercado. Podemos validar productos o formulaciones de otras empresas para determinar su nivel de calidad. Se puede reducir 10 a\u00f1os de investigaci\u00f3n...","og_url":"https:\/\/ocusgroup.org\/en\/preguntas-frecuentes-de-desarrollo-investigacion-cientifica\/","og_site_name":"Ocus","article_modified_time":"2021-07-14T14:58:28+00:00","og_image":[{"url":"https:\/\/ocusgroup.org\/wp-content\/uploads\/2021\/07\/ciencia-Y-TECNOLOGIA-1-768x356.jpg","type":"","width":"","height":""}],"twitter_card":"summary_large_image","twitter_misc":{"Est. reading time":"1 minute"},"schema":{"@context":"https:\/\/schema.org","@graph":[{"@type":"WebPage","@id":"https:\/\/ocusgroup.org\/preguntas-frecuentes-de-desarrollo-investigacion-cientifica\/","url":"https:\/\/ocusgroup.org\/preguntas-frecuentes-de-desarrollo-investigacion-cientifica\/","name":"PREGUNTAS FRECUENTES DE DESARROLLO INVESTIGACION CIENTIFICA - Ocus","isPartOf":{"@id":"https:\/\/ocusgroup.org\/#website"},"primaryImageOfPage":{"@id":"https:\/\/ocusgroup.org\/preguntas-frecuentes-de-desarrollo-investigacion-cientifica\/#primaryimage"},"image":{"@id":"https:\/\/ocusgroup.org\/preguntas-frecuentes-de-desarrollo-investigacion-cientifica\/#primaryimage"},"thumbnailUrl":"https:\/\/ocusgroup.org\/wp-content\/uploads\/2021\/07\/ciencia-Y-TECNOLOGIA-1-768x356.jpg","datePublished":"2021-07-12T17:58:58+00:00","dateModified":"2021-07-14T14:58:28+00:00","breadcrumb":{"@id":"https:\/\/ocusgroup.org\/preguntas-frecuentes-de-desarrollo-investigacion-cientifica\/#breadcrumb"},"inLanguage":"en-US","potentialAction":[{"@type":"ReadAction","target":["https:\/\/ocusgroup.org\/preguntas-frecuentes-de-desarrollo-investigacion-cientifica\/"]}]},{"@type":"ImageObject","inLanguage":"en-US","@id":"https:\/\/ocusgroup.org\/preguntas-frecuentes-de-desarrollo-investigacion-cientifica\/#primaryimage","url":"https:\/\/ocusgroup.org\/wp-content\/uploads\/2021\/07\/ciencia-Y-TECNOLOGIA-1-768x356.jpg","contentUrl":"https:\/\/ocusgroup.org\/wp-content\/uploads\/2021\/07\/ciencia-Y-TECNOLOGIA-1-768x356.jpg"},{"@type":"BreadcrumbList","@id":"https:\/\/ocusgroup.org\/preguntas-frecuentes-de-desarrollo-investigacion-cientifica\/#breadcrumb","itemListElement":[{"@type":"ListItem","position":1,"name":"Portada","item":"https:\/\/ocusgroup.org\/"},{"@type":"ListItem","position":2,"name":"PREGUNTAS FRECUENTES DE DESARROLLO INVESTIGACION CIENTIFICA"}]},{"@type":"WebSite","@id":"https:\/\/ocusgroup.org\/#website","url":"https:\/\/ocusgroup.org\/","name":"Ocus","description":"Science Behind Success","publisher":{"@id":"https:\/\/ocusgroup.org\/#organization"},"potentialAction":[{"@type":"SearchAction","target":{"@type":"EntryPoint","urlTemplate":"https:\/\/ocusgroup.org\/?s={search_term_string}"},"query-input":{"@type":"PropertyValueSpecification","valueRequired":true,"valueName":"search_term_string"}}],"inLanguage":"en-US"},{"@type":"Organization","@id":"https:\/\/ocusgroup.org\/#organization","name":"Ocus","url":"https:\/\/ocusgroup.org\/","logo":{"@type":"ImageObject","inLanguage":"en-US","@id":"https:\/\/ocusgroup.org\/#\/schema\/logo\/image\/","url":"https:\/\/ocusgroup.org\/wp-content\/uploads\/2021\/06\/Ocus-AZUL.png","contentUrl":"https:\/\/ocusgroup.org\/wp-content\/uploads\/2021\/06\/Ocus-AZUL.png","width":2400,"height":1425,"caption":"Ocus"},"image":{"@id":"https:\/\/ocusgroup.org\/#\/schema\/logo\/image\/"}}]}},"_links":{"self":[{"href":"https:\/\/ocusgroup.org\/en\/wp-json\/wp\/v2\/pages\/1891","targetHints":{"allow":["GET"]}}],"collection":[{"href":"https:\/\/ocusgroup.org\/en\/wp-json\/wp\/v2\/pages"}],"about":[{"href":"https:\/\/ocusgroup.org\/en\/wp-json\/wp\/v2\/types\/page"}],"author":[{"embeddable":true,"href":"https:\/\/ocusgroup.org\/en\/wp-json\/wp\/v2\/users\/1"}],"replies":[{"embeddable":true,"href":"https:\/\/ocusgroup.org\/en\/wp-json\/wp\/v2\/comments?post=1891"}],"version-history":[{"count":7,"href":"https:\/\/ocusgroup.org\/en\/wp-json\/wp\/v2\/pages\/1891\/revisions"}],"predecessor-version":[{"id":1948,"href":"https:\/\/ocusgroup.org\/en\/wp-json\/wp\/v2\/pages\/1891\/revisions\/1948"}],"wp:attachment":[{"href":"https:\/\/ocusgroup.org\/en\/wp-json\/wp\/v2\/media?parent=1891"}],"curies":[{"name":"wp","href":"https:\/\/api.w.org\/{rel}","templated":true}]}}