{"id":1861,"date":"2021-07-12T16:31:00","date_gmt":"2021-07-12T16:31:00","guid":{"rendered":"https:\/\/www.ocusgroup.org\/?page_id=1861"},"modified":"2021-07-14T14:57:31","modified_gmt":"2021-07-14T14:57:31","slug":"preguntas-frecuentes-de-rrhh","status":"publish","type":"page","link":"https:\/\/ocusgroup.org\/en\/preguntas-frecuentes-de-rrhh\/","title":{"rendered":"PREGUNTAS FRECUENTES DE RRHH"},"content":{"rendered":"<div data-elementor-type=\"wp-page\" data-elementor-id=\"1861\" class=\"elementor elementor-1861\">\n\t\t\t\t\t\t<section class=\"elementor-section elementor-top-section elementor-element elementor-element-2d6c081 elementor-section-boxed elementor-section-height-default elementor-section-height-default\" data-id=\"2d6c081\" data-element_type=\"section\" data-e-type=\"section\">\n\t\t\t\t\t\t<div class=\"elementor-container elementor-column-gap-default\">\n\t\t\t\t\t<div class=\"elementor-column elementor-col-100 elementor-top-column elementor-element elementor-element-bc42cd3\" data-id=\"bc42cd3\" data-element_type=\"column\" data-e-type=\"column\">\n\t\t\t<div class=\"elementor-widget-wrap elementor-element-populated\">\n\t\t\t\t\t\t<div class=\"elementor-element elementor-element-3b8d6840 elementor-widget elementor-widget-text-editor\" data-id=\"3b8d6840\" data-element_type=\"widget\" data-e-type=\"widget\" data-widget_type=\"text-editor.default\">\n\t\t\t\t<div class=\"elementor-widget-container\">\n\t\t\t\t\t\t\t\t\t<p>PREGUNTAS FRECUENTES DE ASESOR\u00cdA EN RRHH<\/p>\t\t\t\t\t\t\t\t<\/div>\n\t\t\t\t<\/div>\n\t\t\t\t\t<\/div>\n\t\t<\/div>\n\t\t\t\t\t<\/div>\n\t\t<\/section>\n\t\t\t\t<section class=\"elementor-section elementor-top-section elementor-element elementor-element-5de7a980 elementor-section-boxed elementor-section-height-default elementor-section-height-default\" data-id=\"5de7a980\" data-element_type=\"section\" data-e-type=\"section\">\n\t\t\t\t\t\t<div class=\"elementor-container elementor-column-gap-default\">\n\t\t\t\t\t<div class=\"elementor-column elementor-col-100 elementor-top-column elementor-element elementor-element-4c3807b2\" data-id=\"4c3807b2\" data-element_type=\"column\" data-e-type=\"column\">\n\t\t\t<div class=\"elementor-widget-wrap elementor-element-populated\">\n\t\t\t\t\t\t<div class=\"elementor-element elementor-element-0eef53a elementor-widget elementor-widget-text-editor\" data-id=\"0eef53a\" data-element_type=\"widget\" data-e-type=\"widget\" data-widget_type=\"text-editor.default\">\n\t\t\t\t<div class=\"elementor-widget-container\">\n\t\t\t\t\t\t\t\t\t<p>\u00bfQUE LOS HACE DIFERENTES DE CUALQUIER EMPRESA DE RECLUTAMIENTO DE RRHH?<\/p>\t\t\t\t\t\t\t\t<\/div>\n\t\t\t\t<\/div>\n\t\t\t\t<section class=\"elementor-section elementor-inner-section elementor-element elementor-element-1f8b4e60 elementor-section-boxed elementor-section-height-default elementor-section-height-default\" data-id=\"1f8b4e60\" data-element_type=\"section\" data-e-type=\"section\">\n\t\t\t\t\t\t<div class=\"elementor-container elementor-column-gap-default\">\n\t\t\t\t\t<div class=\"elementor-column elementor-col-50 elementor-inner-column elementor-element elementor-element-517f4ab4\" data-id=\"517f4ab4\" data-element_type=\"column\" data-e-type=\"column\" data-settings=\"{&quot;background_background&quot;:&quot;classic&quot;}\">\n\t\t\t<div class=\"elementor-widget-wrap elementor-element-populated\">\n\t\t\t\t\t\t<div class=\"elementor-element elementor-element-5d29919c elementor-widget elementor-widget-image\" data-id=\"5d29919c\" data-element_type=\"widget\" data-e-type=\"widget\" data-widget_type=\"image.default\">\n\t\t\t\t<div class=\"elementor-widget-container\">\n\t\t\t\t\t\t\t\t\t\t\t\t\t\t\t<img fetchpriority=\"high\" decoding=\"async\" width=\"799\" height=\"539\" src=\"https:\/\/ocusgroup.org\/wp-content\/uploads\/2021\/07\/AdobeStock_66937634-800w.jpg\" class=\"attachment-full size-full wp-image-1871\" alt=\"\" srcset=\"https:\/\/ocusgroup.org\/wp-content\/uploads\/2021\/07\/AdobeStock_66937634-800w.jpg 799w, https:\/\/ocusgroup.org\/wp-content\/uploads\/2021\/07\/AdobeStock_66937634-800w-300x202.jpg 300w, https:\/\/ocusgroup.org\/wp-content\/uploads\/2021\/07\/AdobeStock_66937634-800w-768x518.jpg 768w\" sizes=\"(max-width: 799px) 100vw, 799px\" \/>\t\t\t\t\t\t\t\t\t\t\t\t\t\t\t<\/div>\n\t\t\t\t<\/div>\n\t\t\t\t\t<\/div>\n\t\t<\/div>\n\t\t\t\t<div class=\"elementor-column elementor-col-50 elementor-inner-column elementor-element elementor-element-1947825\" data-id=\"1947825\" data-element_type=\"column\" data-e-type=\"column\">\n\t\t\t<div class=\"elementor-widget-wrap elementor-element-populated\">\n\t\t\t\t\t\t<div class=\"elementor-element elementor-element-23b61925 elementor-widget elementor-widget-text-editor\" data-id=\"23b61925\" data-element_type=\"widget\" data-e-type=\"widget\" data-widget_type=\"text-editor.default\">\n\t\t\t\t<div class=\"elementor-widget-container\">\n\t\t\t\t\t\t\t\t\t<p>La evaluaci\u00f3n es tan acertada, que primero se tiene el conocimiento m\u00e1ximo de la empresa y se filtra a los posibles candidatos al puesto, dando como resultado la mejor selecci\u00f3n, logrando al mejor para el puesto a cubrir de acuerdo a la empresa.<\/p><p>Al final no es quien tenga mas t\u00edtulos o ciertas habilidades, es el que mejor funcione como engranaje en la maquina humana que es una organizaci\u00f3n en especifico.<\/p><p><b>Trata de contactarnos antes que tu competencia y <\/b><b>llegaras primero.<\/b><\/p>\t\t\t\t\t\t\t\t<\/div>\n\t\t\t\t<\/div>\n\t\t\t\t\t<\/div>\n\t\t<\/div>\n\t\t\t\t\t<\/div>\n\t\t<\/section>\n\t\t\t\t\t<\/div>\n\t\t<\/div>\n\t\t\t\t\t<\/div>\n\t\t<\/section>\n\t\t\t\t<section class=\"elementor-section elementor-top-section elementor-element elementor-element-7f02e1b7 elementor-section-boxed elementor-section-height-default elementor-section-height-default\" data-id=\"7f02e1b7\" data-element_type=\"section\" data-e-type=\"section\">\n\t\t\t\t\t\t<div class=\"elementor-container elementor-column-gap-default\">\n\t\t\t\t\t<div class=\"elementor-column elementor-col-100 elementor-top-column elementor-element elementor-element-60dacde0\" data-id=\"60dacde0\" data-element_type=\"column\" data-e-type=\"column\">\n\t\t\t<div class=\"elementor-widget-wrap elementor-element-populated\">\n\t\t\t\t\t\t<div class=\"elementor-element elementor-element-517eebe4 elementor-widget elementor-widget-text-editor\" data-id=\"517eebe4\" data-element_type=\"widget\" data-e-type=\"widget\" data-widget_type=\"text-editor.default\">\n\t\t\t\t<div class=\"elementor-widget-container\">\n\t\t\t\t\t\t\t\t\t<p>\u00bfHACEN ENTREVISTAS, AN\u00c1LISIS PSICOL\u00d3GICOS, DE PERSONALIDAD, ETC.?<\/p>\t\t\t\t\t\t\t\t<\/div>\n\t\t\t\t<\/div>\n\t\t\t\t<section class=\"elementor-section elementor-inner-section elementor-element elementor-element-68dfc418 elementor-section-boxed elementor-section-height-default elementor-section-height-default\" data-id=\"68dfc418\" data-element_type=\"section\" data-e-type=\"section\">\n\t\t\t\t\t\t<div class=\"elementor-container elementor-column-gap-default\">\n\t\t\t\t\t<div class=\"elementor-column elementor-col-50 elementor-inner-column elementor-element elementor-element-21afd756\" data-id=\"21afd756\" data-element_type=\"column\" data-e-type=\"column\" data-settings=\"{&quot;background_background&quot;:&quot;classic&quot;}\">\n\t\t\t<div class=\"elementor-widget-wrap elementor-element-populated\">\n\t\t\t\t\t\t<div class=\"elementor-element elementor-element-75e43111 elementor-widget elementor-widget-text-editor\" data-id=\"75e43111\" data-element_type=\"widget\" data-e-type=\"widget\" data-widget_type=\"text-editor.default\">\n\t\t\t\t<div class=\"elementor-widget-container\">\n\t\t\t\t\t\t\t\t\t<p>La respuesta es no, por que no es necesario. La plataforma que utilizamos logra lo que ning\u00fan estudio o an\u00e1lisis hasta ahora ha podido hacer. Aunque parezca f\u00e1cil, lleva su tiempo pero el resultado es mas acertado de lo que te pudieses obtener de cualquier otra forma.<\/p><p><b>Trata de contactarnos <\/b><b>para formar al mejor equipo.<\/b><\/p>\t\t\t\t\t\t\t\t<\/div>\n\t\t\t\t<\/div>\n\t\t\t\t\t<\/div>\n\t\t<\/div>\n\t\t\t\t<div class=\"elementor-column elementor-col-50 elementor-inner-column elementor-element elementor-element-1466e989\" data-id=\"1466e989\" data-element_type=\"column\" data-e-type=\"column\">\n\t\t\t<div class=\"elementor-widget-wrap elementor-element-populated\">\n\t\t\t\t\t\t<div class=\"elementor-element elementor-element-b5c4353 elementor-widget elementor-widget-image\" data-id=\"b5c4353\" data-element_type=\"widget\" data-e-type=\"widget\" data-widget_type=\"image.default\">\n\t\t\t\t<div class=\"elementor-widget-container\">\n\t\t\t\t\t\t\t\t\t\t\t\t\t\t\t<img decoding=\"async\" width=\"1024\" height=\"682\" src=\"https:\/\/ocusgroup.org\/wp-content\/uploads\/2021\/07\/R-6-1024x682.jpg\" class=\"attachment-large size-large wp-image-1875\" alt=\"\" srcset=\"https:\/\/ocusgroup.org\/wp-content\/uploads\/2021\/07\/R-6-1024x682.jpg 1024w, https:\/\/ocusgroup.org\/wp-content\/uploads\/2021\/07\/R-6-300x200.jpg 300w, https:\/\/ocusgroup.org\/wp-content\/uploads\/2021\/07\/R-6-768x512.jpg 768w, https:\/\/ocusgroup.org\/wp-content\/uploads\/2021\/07\/R-6-1536x1023.jpg 1536w, https:\/\/ocusgroup.org\/wp-content\/uploads\/2021\/07\/R-6.jpg 1698w\" sizes=\"(max-width: 1024px) 100vw, 1024px\" \/>\t\t\t\t\t\t\t\t\t\t\t\t\t\t\t<\/div>\n\t\t\t\t<\/div>\n\t\t\t\t\t<\/div>\n\t\t<\/div>\n\t\t\t\t\t<\/div>\n\t\t<\/section>\n\t\t\t\t\t<\/div>\n\t\t<\/div>\n\t\t\t\t\t<\/div>\n\t\t<\/section>\n\t\t\t\t<section class=\"elementor-section elementor-top-section elementor-element elementor-element-258b1e79 elementor-section-boxed elementor-section-height-default elementor-section-height-default\" data-id=\"258b1e79\" data-element_type=\"section\" data-e-type=\"section\">\n\t\t\t\t\t\t<div class=\"elementor-container elementor-column-gap-default\">\n\t\t\t\t\t<div class=\"elementor-column elementor-col-50 elementor-top-column elementor-element elementor-element-39f268f9\" data-id=\"39f268f9\" data-element_type=\"column\" data-e-type=\"column\">\n\t\t\t<div class=\"elementor-widget-wrap elementor-element-populated\">\n\t\t\t\t\t\t<div class=\"elementor-element elementor-element-43f6860a elementor-align-center elementor-widget elementor-widget-button\" data-id=\"43f6860a\" data-element_type=\"widget\" data-e-type=\"widget\" data-widget_type=\"button.default\">\n\t\t\t\t<div class=\"elementor-widget-container\">\n\t\t\t\t\t\t\t\t\t<div class=\"elementor-button-wrapper\">\n\t\t\t\t\t<a class=\"elementor-button elementor-button-link elementor-size-lg\" href=\"https:\/\/ocusgroup.org\/en\/contacto\/\">\n\t\t\t\t\t\t<span class=\"elementor-button-content-wrapper\">\n\t\t\t\t\t\t<span class=\"elementor-button-icon\">\n\t\t\t\t<i aria-hidden=\"true\" class=\"fas fa-location-arrow\"><\/i>\t\t\t<\/span>\n\t\t\t\t\t\t\t\t\t<span class=\"elementor-button-text\">CONTACT US<\/span>\n\t\t\t\t\t<\/span>\n\t\t\t\t\t<\/a>\n\t\t\t\t<\/div>\n\t\t\t\t\t\t\t\t<\/div>\n\t\t\t\t<\/div>\n\t\t\t\t\t<\/div>\n\t\t<\/div>\n\t\t\t\t<div class=\"elementor-column elementor-col-50 elementor-top-column elementor-element elementor-element-49b9c729\" data-id=\"49b9c729\" data-element_type=\"column\" data-e-type=\"column\">\n\t\t\t<div class=\"elementor-widget-wrap elementor-element-populated\">\n\t\t\t\t\t\t<div class=\"elementor-element elementor-element-ec37f84 elementor-align-center elementor-widget elementor-widget-button\" data-id=\"ec37f84\" data-element_type=\"widget\" data-e-type=\"widget\" data-widget_type=\"button.default\">\n\t\t\t\t<div class=\"elementor-widget-container\">\n\t\t\t\t\t\t\t\t\t<div class=\"elementor-button-wrapper\">\n\t\t\t\t\t<a class=\"elementor-button elementor-button-link elementor-size-lg\" href=\"https:\/\/ocusgroup.org\/en\/preguntas-frecuentes\/\">\n\t\t\t\t\t\t<span class=\"elementor-button-content-wrapper\">\n\t\t\t\t\t\t<span class=\"elementor-button-icon\">\n\t\t\t\t<i aria-hidden=\"true\" class=\"fas fa-location-arrow\"><\/i>\t\t\t<\/span>\n\t\t\t\t\t\t\t\t\t<span class=\"elementor-button-text\">FREQUENT ASKED QUESTIONS<\/span>\n\t\t\t\t\t<\/span>\n\t\t\t\t\t<\/a>\n\t\t\t\t<\/div>\n\t\t\t\t\t\t\t\t<\/div>\n\t\t\t\t<\/div>\n\t\t\t\t\t<\/div>\n\t\t<\/div>\n\t\t\t\t\t<\/div>\n\t\t<\/section>\n\t\t\t\t<\/div>","protected":false},"excerpt":{"rendered":"<p>PREGUNTAS FRECUENTES DE ASESOR\u00cdA EN RRHH \u00bfQUE LOS HACE DIFERENTES DE CUALQUIER EMPRESA DE RECLUTAMIENTO DE RRHH? La evaluaci\u00f3n es tan acertada, que primero se tiene el conocimiento m\u00e1ximo de la empresa y se filtra a los posibles candidatos al puesto, dando como resultado la mejor selecci\u00f3n, logrando al mejor para el puesto a cubrir&#8230;<\/p>","protected":false},"author":1,"featured_media":0,"parent":0,"menu_order":0,"comment_status":"closed","ping_status":"closed","template":"","meta":{"_kad_post_transparent":"","_kad_post_title":"hide","_kad_post_layout":"fullwidth","_kad_post_sidebar_id":"","_kad_post_content_style":"unboxed","_kad_post_vertical_padding":"hide","_kad_post_feature":"hide","_kad_post_feature_position":"","_kad_post_header":false,"_kad_post_footer":false,"_kad_post_classname":"","footnotes":""},"class_list":["post-1861","page","type-page","status-publish","hentry"],"yoast_head":"<!-- This site is optimized with the Yoast SEO plugin v27.4 - https:\/\/yoast.com\/product\/yoast-seo-wordpress\/ -->\n<title>PREGUNTAS FRECUENTES DE RRHH - Ocus<\/title>\n<meta name=\"robots\" content=\"index, follow, max-snippet:-1, max-image-preview:large, max-video-preview:-1\" \/>\n<link rel=\"canonical\" href=\"https:\/\/ocusgroup.org\/en\/preguntas-frecuentes-de-rrhh\/\" \/>\n<meta property=\"og:locale\" content=\"en_US\" \/>\n<meta property=\"og:type\" content=\"article\" \/>\n<meta property=\"og:title\" content=\"PREGUNTAS FRECUENTES DE RRHH - Ocus\" \/>\n<meta property=\"og:description\" content=\"PREGUNTAS FRECUENTES DE ASESOR\u00cdA EN RRHH \u00bfQUE LOS HACE DIFERENTES DE CUALQUIER EMPRESA DE RECLUTAMIENTO DE RRHH? La evaluaci\u00f3n es tan acertada, que primero se tiene el conocimiento m\u00e1ximo de la empresa y se filtra a los posibles candidatos al puesto, dando como resultado la mejor selecci\u00f3n, logrando al mejor para el puesto a cubrir...\" \/>\n<meta property=\"og:url\" content=\"https:\/\/ocusgroup.org\/en\/preguntas-frecuentes-de-rrhh\/\" \/>\n<meta property=\"og:site_name\" content=\"Ocus\" \/>\n<meta property=\"article:modified_time\" content=\"2021-07-14T14:57:31+00:00\" \/>\n<meta property=\"og:image\" content=\"https:\/\/ocusgroup.org\/wp-content\/uploads\/2021\/07\/AdobeStock_66937634-800w.jpg\" \/>\n<meta name=\"twitter:card\" content=\"summary_large_image\" \/>\n<meta name=\"twitter:label1\" content=\"Est. reading time\" \/>\n\t<meta name=\"twitter:data1\" content=\"1 minute\" \/>\n<script type=\"application\/ld+json\" class=\"yoast-schema-graph\">{\"@context\":\"https:\\\/\\\/schema.org\",\"@graph\":[{\"@type\":\"WebPage\",\"@id\":\"https:\\\/\\\/ocusgroup.org\\\/preguntas-frecuentes-de-rrhh\\\/\",\"url\":\"https:\\\/\\\/ocusgroup.org\\\/preguntas-frecuentes-de-rrhh\\\/\",\"name\":\"PREGUNTAS FRECUENTES DE RRHH - Ocus\",\"isPartOf\":{\"@id\":\"https:\\\/\\\/ocusgroup.org\\\/#website\"},\"primaryImageOfPage\":{\"@id\":\"https:\\\/\\\/ocusgroup.org\\\/preguntas-frecuentes-de-rrhh\\\/#primaryimage\"},\"image\":{\"@id\":\"https:\\\/\\\/ocusgroup.org\\\/preguntas-frecuentes-de-rrhh\\\/#primaryimage\"},\"thumbnailUrl\":\"https:\\\/\\\/ocusgroup.org\\\/wp-content\\\/uploads\\\/2021\\\/07\\\/AdobeStock_66937634-800w.jpg\",\"datePublished\":\"2021-07-12T16:31:00+00:00\",\"dateModified\":\"2021-07-14T14:57:31+00:00\",\"breadcrumb\":{\"@id\":\"https:\\\/\\\/ocusgroup.org\\\/preguntas-frecuentes-de-rrhh\\\/#breadcrumb\"},\"inLanguage\":\"en-US\",\"potentialAction\":[{\"@type\":\"ReadAction\",\"target\":[\"https:\\\/\\\/ocusgroup.org\\\/preguntas-frecuentes-de-rrhh\\\/\"]}]},{\"@type\":\"ImageObject\",\"inLanguage\":\"en-US\",\"@id\":\"https:\\\/\\\/ocusgroup.org\\\/preguntas-frecuentes-de-rrhh\\\/#primaryimage\",\"url\":\"https:\\\/\\\/ocusgroup.org\\\/wp-content\\\/uploads\\\/2021\\\/07\\\/AdobeStock_66937634-800w.jpg\",\"contentUrl\":\"https:\\\/\\\/ocusgroup.org\\\/wp-content\\\/uploads\\\/2021\\\/07\\\/AdobeStock_66937634-800w.jpg\"},{\"@type\":\"BreadcrumbList\",\"@id\":\"https:\\\/\\\/ocusgroup.org\\\/preguntas-frecuentes-de-rrhh\\\/#breadcrumb\",\"itemListElement\":[{\"@type\":\"ListItem\",\"position\":1,\"name\":\"Portada\",\"item\":\"https:\\\/\\\/ocusgroup.org\\\/\"},{\"@type\":\"ListItem\",\"position\":2,\"name\":\"PREGUNTAS FRECUENTES DE RRHH\"}]},{\"@type\":\"WebSite\",\"@id\":\"https:\\\/\\\/ocusgroup.org\\\/#website\",\"url\":\"https:\\\/\\\/ocusgroup.org\\\/\",\"name\":\"Ocus\",\"description\":\"Science Behind Success\",\"publisher\":{\"@id\":\"https:\\\/\\\/ocusgroup.org\\\/#organization\"},\"potentialAction\":[{\"@type\":\"SearchAction\",\"target\":{\"@type\":\"EntryPoint\",\"urlTemplate\":\"https:\\\/\\\/ocusgroup.org\\\/?s={search_term_string}\"},\"query-input\":{\"@type\":\"PropertyValueSpecification\",\"valueRequired\":true,\"valueName\":\"search_term_string\"}}],\"inLanguage\":\"en-US\"},{\"@type\":\"Organization\",\"@id\":\"https:\\\/\\\/ocusgroup.org\\\/#organization\",\"name\":\"Ocus\",\"url\":\"https:\\\/\\\/ocusgroup.org\\\/\",\"logo\":{\"@type\":\"ImageObject\",\"inLanguage\":\"en-US\",\"@id\":\"https:\\\/\\\/ocusgroup.org\\\/#\\\/schema\\\/logo\\\/image\\\/\",\"url\":\"https:\\\/\\\/ocusgroup.org\\\/wp-content\\\/uploads\\\/2021\\\/06\\\/Ocus-AZUL.png\",\"contentUrl\":\"https:\\\/\\\/ocusgroup.org\\\/wp-content\\\/uploads\\\/2021\\\/06\\\/Ocus-AZUL.png\",\"width\":2400,\"height\":1425,\"caption\":\"Ocus\"},\"image\":{\"@id\":\"https:\\\/\\\/ocusgroup.org\\\/#\\\/schema\\\/logo\\\/image\\\/\"}}]}<\/script>\n<!-- \/ Yoast SEO plugin. -->","yoast_head_json":{"title":"PREGUNTAS FRECUENTES DE RRHH - Ocus","robots":{"index":"index","follow":"follow","max-snippet":"max-snippet:-1","max-image-preview":"max-image-preview:large","max-video-preview":"max-video-preview:-1"},"canonical":"https:\/\/ocusgroup.org\/en\/preguntas-frecuentes-de-rrhh\/","og_locale":"en_US","og_type":"article","og_title":"PREGUNTAS FRECUENTES DE RRHH - Ocus","og_description":"PREGUNTAS FRECUENTES DE ASESOR\u00cdA EN RRHH \u00bfQUE LOS HACE DIFERENTES DE CUALQUIER EMPRESA DE RECLUTAMIENTO DE RRHH? La evaluaci\u00f3n es tan acertada, que primero se tiene el conocimiento m\u00e1ximo de la empresa y se filtra a los posibles candidatos al puesto, dando como resultado la mejor selecci\u00f3n, logrando al mejor para el puesto a cubrir...","og_url":"https:\/\/ocusgroup.org\/en\/preguntas-frecuentes-de-rrhh\/","og_site_name":"Ocus","article_modified_time":"2021-07-14T14:57:31+00:00","og_image":[{"url":"https:\/\/ocusgroup.org\/wp-content\/uploads\/2021\/07\/AdobeStock_66937634-800w.jpg","type":"","width":"","height":""}],"twitter_card":"summary_large_image","twitter_misc":{"Est. reading time":"1 minute"},"schema":{"@context":"https:\/\/schema.org","@graph":[{"@type":"WebPage","@id":"https:\/\/ocusgroup.org\/preguntas-frecuentes-de-rrhh\/","url":"https:\/\/ocusgroup.org\/preguntas-frecuentes-de-rrhh\/","name":"PREGUNTAS FRECUENTES DE RRHH - Ocus","isPartOf":{"@id":"https:\/\/ocusgroup.org\/#website"},"primaryImageOfPage":{"@id":"https:\/\/ocusgroup.org\/preguntas-frecuentes-de-rrhh\/#primaryimage"},"image":{"@id":"https:\/\/ocusgroup.org\/preguntas-frecuentes-de-rrhh\/#primaryimage"},"thumbnailUrl":"https:\/\/ocusgroup.org\/wp-content\/uploads\/2021\/07\/AdobeStock_66937634-800w.jpg","datePublished":"2021-07-12T16:31:00+00:00","dateModified":"2021-07-14T14:57:31+00:00","breadcrumb":{"@id":"https:\/\/ocusgroup.org\/preguntas-frecuentes-de-rrhh\/#breadcrumb"},"inLanguage":"en-US","potentialAction":[{"@type":"ReadAction","target":["https:\/\/ocusgroup.org\/preguntas-frecuentes-de-rrhh\/"]}]},{"@type":"ImageObject","inLanguage":"en-US","@id":"https:\/\/ocusgroup.org\/preguntas-frecuentes-de-rrhh\/#primaryimage","url":"https:\/\/ocusgroup.org\/wp-content\/uploads\/2021\/07\/AdobeStock_66937634-800w.jpg","contentUrl":"https:\/\/ocusgroup.org\/wp-content\/uploads\/2021\/07\/AdobeStock_66937634-800w.jpg"},{"@type":"BreadcrumbList","@id":"https:\/\/ocusgroup.org\/preguntas-frecuentes-de-rrhh\/#breadcrumb","itemListElement":[{"@type":"ListItem","position":1,"name":"Portada","item":"https:\/\/ocusgroup.org\/"},{"@type":"ListItem","position":2,"name":"PREGUNTAS FRECUENTES DE RRHH"}]},{"@type":"WebSite","@id":"https:\/\/ocusgroup.org\/#website","url":"https:\/\/ocusgroup.org\/","name":"Ocus","description":"Science Behind Success","publisher":{"@id":"https:\/\/ocusgroup.org\/#organization"},"potentialAction":[{"@type":"SearchAction","target":{"@type":"EntryPoint","urlTemplate":"https:\/\/ocusgroup.org\/?s={search_term_string}"},"query-input":{"@type":"PropertyValueSpecification","valueRequired":true,"valueName":"search_term_string"}}],"inLanguage":"en-US"},{"@type":"Organization","@id":"https:\/\/ocusgroup.org\/#organization","name":"Ocus","url":"https:\/\/ocusgroup.org\/","logo":{"@type":"ImageObject","inLanguage":"en-US","@id":"https:\/\/ocusgroup.org\/#\/schema\/logo\/image\/","url":"https:\/\/ocusgroup.org\/wp-content\/uploads\/2021\/06\/Ocus-AZUL.png","contentUrl":"https:\/\/ocusgroup.org\/wp-content\/uploads\/2021\/06\/Ocus-AZUL.png","width":2400,"height":1425,"caption":"Ocus"},"image":{"@id":"https:\/\/ocusgroup.org\/#\/schema\/logo\/image\/"}}]}},"_links":{"self":[{"href":"https:\/\/ocusgroup.org\/en\/wp-json\/wp\/v2\/pages\/1861","targetHints":{"allow":["GET"]}}],"collection":[{"href":"https:\/\/ocusgroup.org\/en\/wp-json\/wp\/v2\/pages"}],"about":[{"href":"https:\/\/ocusgroup.org\/en\/wp-json\/wp\/v2\/types\/page"}],"author":[{"embeddable":true,"href":"https:\/\/ocusgroup.org\/en\/wp-json\/wp\/v2\/users\/1"}],"replies":[{"embeddable":true,"href":"https:\/\/ocusgroup.org\/en\/wp-json\/wp\/v2\/comments?post=1861"}],"version-history":[{"count":10,"href":"https:\/\/ocusgroup.org\/en\/wp-json\/wp\/v2\/pages\/1861\/revisions"}],"predecessor-version":[{"id":1945,"href":"https:\/\/ocusgroup.org\/en\/wp-json\/wp\/v2\/pages\/1861\/revisions\/1945"}],"wp:attachment":[{"href":"https:\/\/ocusgroup.org\/en\/wp-json\/wp\/v2\/media?parent=1861"}],"curies":[{"name":"wp","href":"https:\/\/api.w.org\/{rel}","templated":true}]}}