{"id":1439,"date":"2021-07-07T23:34:33","date_gmt":"2021-07-07T23:34:33","guid":{"rendered":"https:\/\/www.ocusgroup.org\/?page_id=1439"},"modified":"2021-07-14T15:25:17","modified_gmt":"2021-07-14T15:25:17","slug":"preguntas-frecuentes-persona-individual","status":"publish","type":"page","link":"https:\/\/ocusgroup.org\/en\/preguntas-frecuentes-persona-individual\/","title":{"rendered":"PREGUNTAS FRECUENTES PERSONA INDIVIDUAL"},"content":{"rendered":"<div data-elementor-type=\"wp-page\" data-elementor-id=\"1439\" class=\"elementor elementor-1439\">\n\t\t\t\t\t\t<section class=\"elementor-section elementor-top-section elementor-element elementor-element-393221f7 elementor-section-boxed elementor-section-height-default elementor-section-height-default\" data-id=\"393221f7\" data-element_type=\"section\" data-e-type=\"section\">\n\t\t\t\t\t\t<div class=\"elementor-container elementor-column-gap-default\">\n\t\t\t\t\t<div class=\"elementor-column elementor-col-100 elementor-top-column elementor-element elementor-element-32858760\" data-id=\"32858760\" data-element_type=\"column\" data-e-type=\"column\">\n\t\t\t<div class=\"elementor-widget-wrap elementor-element-populated\">\n\t\t\t\t\t\t<div class=\"elementor-element elementor-element-4692fbb4 elementor-widget elementor-widget-text-editor\" data-id=\"4692fbb4\" data-element_type=\"widget\" data-e-type=\"widget\" data-widget_type=\"text-editor.default\">\n\t\t\t\t<div class=\"elementor-widget-container\">\n\t\t\t\t\t\t\t\t\t<p>OCUS BUSINESS ADVICE<\/p>\t\t\t\t\t\t\t\t<\/div>\n\t\t\t\t<\/div>\n\t\t\t\t<section class=\"elementor-section elementor-inner-section elementor-element elementor-element-58d95e4d elementor-section-boxed elementor-section-height-default elementor-section-height-default\" data-id=\"58d95e4d\" data-element_type=\"section\" data-e-type=\"section\">\n\t\t\t\t\t\t<div class=\"elementor-container elementor-column-gap-default\">\n\t\t\t\t\t<div class=\"elementor-column elementor-col-50 elementor-inner-column elementor-element elementor-element-24f29754\" data-id=\"24f29754\" data-element_type=\"column\" data-e-type=\"column\" data-settings=\"{&quot;background_background&quot;:&quot;classic&quot;}\">\n\t\t\t<div class=\"elementor-widget-wrap elementor-element-populated\">\n\t\t\t\t\t\t<div class=\"elementor-element elementor-element-3e4a7e84 elementor-widget elementor-widget-image\" data-id=\"3e4a7e84\" data-element_type=\"widget\" data-e-type=\"widget\" data-widget_type=\"image.default\">\n\t\t\t\t<div class=\"elementor-widget-container\">\n\t\t\t\t\t\t\t\t\t\t\t\t\t\t\t<img fetchpriority=\"high\" decoding=\"async\" width=\"712\" height=\"401\" src=\"https:\/\/ocusgroup.org\/wp-content\/uploads\/2021\/07\/Que-es-lo-que-OCUS-puede-hacer-por-mi.jpg\" class=\"attachment-large size-large wp-image-1441\" alt=\"\" srcset=\"https:\/\/ocusgroup.org\/wp-content\/uploads\/2021\/07\/Que-es-lo-que-OCUS-puede-hacer-por-mi.jpg 712w, https:\/\/ocusgroup.org\/wp-content\/uploads\/2021\/07\/Que-es-lo-que-OCUS-puede-hacer-por-mi-300x169.jpg 300w\" sizes=\"(max-width: 712px) 100vw, 712px\" \/>\t\t\t\t\t\t\t\t\t\t\t\t\t\t\t<\/div>\n\t\t\t\t<\/div>\n\t\t\t\t\t<\/div>\n\t\t<\/div>\n\t\t\t\t<div class=\"elementor-column elementor-col-50 elementor-inner-column elementor-element elementor-element-4b6fdaa1\" data-id=\"4b6fdaa1\" data-element_type=\"column\" data-e-type=\"column\">\n\t\t\t<div class=\"elementor-widget-wrap elementor-element-populated\">\n\t\t\t\t\t\t<div class=\"elementor-element elementor-element-7ec143df elementor-widget elementor-widget-text-editor\" data-id=\"7ec143df\" data-element_type=\"widget\" data-e-type=\"widget\" data-widget_type=\"text-editor.default\">\n\t\t\t\t<div class=\"elementor-widget-container\">\n\t\t\t\t\t\t\t\t\t<p>OCUS te mostrara, en varios pasos lo que podr\u00edamos llamar el algoritmo de tu vida.<\/p><p>\u00a0Imag\u00ednate que cada persona es un fant\u00e1stico paquete de juego de lego, que trae todas sus piezas completas con caracter\u00edsticas \u00fanicas y con la posibilidad de convertirse en un juguete vistoso y \u00fatil.<\/p><p>\u00a0Solo que hay un \u00fanico detalle, que este paquete resulta que no llego con instructivo. Esta ciencia aplicada con tecnolog\u00eda de punta logra este instructivo y lo pone a tu disposici\u00f3n.<\/p>\t\t\t\t\t\t\t\t<\/div>\n\t\t\t\t<\/div>\n\t\t\t\t\t<\/div>\n\t\t<\/div>\n\t\t\t\t\t<\/div>\n\t\t<\/section>\n\t\t\t\t\t<\/div>\n\t\t<\/div>\n\t\t\t\t\t<\/div>\n\t\t<\/section>\n\t\t\t\t<section class=\"elementor-section elementor-top-section elementor-element elementor-element-57dbfa84 elementor-section-boxed elementor-section-height-default elementor-section-height-default\" data-id=\"57dbfa84\" data-element_type=\"section\" data-e-type=\"section\">\n\t\t\t\t\t\t<div class=\"elementor-container elementor-column-gap-default\">\n\t\t\t\t\t<div class=\"elementor-column elementor-col-100 elementor-top-column elementor-element elementor-element-7807f313\" data-id=\"7807f313\" data-element_type=\"column\" data-e-type=\"column\">\n\t\t\t<div class=\"elementor-widget-wrap elementor-element-populated\">\n\t\t\t\t\t\t<div class=\"elementor-element elementor-element-7926cbda elementor-widget elementor-widget-text-editor\" data-id=\"7926cbda\" data-element_type=\"widget\" data-e-type=\"widget\" data-widget_type=\"text-editor.default\">\n\t\t\t\t<div class=\"elementor-widget-container\">\n\t\t\t\t\t\t\t\t\t<p>PROCESO PASO A PASO<\/p>\t\t\t\t\t\t\t\t<\/div>\n\t\t\t\t<\/div>\n\t\t\t\t<div class=\"elementor-element elementor-element-2ec533d1 elementor-widget elementor-widget-text-editor\" data-id=\"2ec533d1\" data-element_type=\"widget\" data-e-type=\"widget\" data-widget_type=\"text-editor.default\">\n\t\t\t\t<div class=\"elementor-widget-container\">\n\t\t\t\t\t\t\t\t\t<p style=\"text-align: center;\">Fases y niveles de profundidad que se puede acceder como persona individual<\/p>\t\t\t\t\t\t\t\t<\/div>\n\t\t\t\t<\/div>\n\t\t\t\t<div class=\"elementor-element elementor-element-2c69468d elementor-widget elementor-widget-image\" data-id=\"2c69468d\" data-element_type=\"widget\" data-e-type=\"widget\" data-widget_type=\"image.default\">\n\t\t\t\t<div class=\"elementor-widget-container\">\n\t\t\t\t\t\t\t\t\t\t\t\t\t\t\t<img decoding=\"async\" width=\"784\" height=\"363\" src=\"https:\/\/ocusgroup.org\/wp-content\/uploads\/2021\/07\/Fases-y-niveles-de-profundidad-que-se-puede-acceder-como-persona-individual.png\" class=\"attachment-large size-large wp-image-1443\" alt=\"\" srcset=\"https:\/\/ocusgroup.org\/wp-content\/uploads\/2021\/07\/Fases-y-niveles-de-profundidad-que-se-puede-acceder-como-persona-individual.png 784w, https:\/\/ocusgroup.org\/wp-content\/uploads\/2021\/07\/Fases-y-niveles-de-profundidad-que-se-puede-acceder-como-persona-individual-300x139.png 300w, https:\/\/ocusgroup.org\/wp-content\/uploads\/2021\/07\/Fases-y-niveles-de-profundidad-que-se-puede-acceder-como-persona-individual-768x356.png 768w\" sizes=\"(max-width: 784px) 100vw, 784px\" \/>\t\t\t\t\t\t\t\t\t\t\t\t\t\t\t<\/div>\n\t\t\t\t<\/div>\n\t\t\t\t<div class=\"elementor-element elementor-element-8133685 elementor-widget elementor-widget-text-editor\" data-id=\"8133685\" data-element_type=\"widget\" data-e-type=\"widget\" data-widget_type=\"text-editor.default\">\n\t\t\t\t<div class=\"elementor-widget-container\">\n\t\t\t\t\t\t\t\t\t<p style=\"text-align: center;\"><strong>Nota:<\/strong> Cada paso tiene un costo individual. Para cualquier negocio con OCUS se debe haber alcanzado hasta el paso 2.\u00a0<\/p>\t\t\t\t\t\t\t\t<\/div>\n\t\t\t\t<\/div>\n\t\t\t\t\t<\/div>\n\t\t<\/div>\n\t\t\t\t\t<\/div>\n\t\t<\/section>\n\t\t\t\t<section class=\"elementor-section elementor-top-section elementor-element elementor-element-1936fb90 elementor-section-boxed elementor-section-height-default elementor-section-height-default\" data-id=\"1936fb90\" data-element_type=\"section\" data-e-type=\"section\">\n\t\t\t\t\t\t<div class=\"elementor-container elementor-column-gap-default\">\n\t\t\t\t\t<div class=\"elementor-column elementor-col-100 elementor-top-column elementor-element elementor-element-537c1651\" data-id=\"537c1651\" data-element_type=\"column\" data-e-type=\"column\">\n\t\t\t<div class=\"elementor-widget-wrap elementor-element-populated\">\n\t\t\t\t\t\t<div class=\"elementor-element elementor-element-300f337f elementor-widget elementor-widget-text-editor\" data-id=\"300f337f\" data-element_type=\"widget\" data-e-type=\"widget\" data-widget_type=\"text-editor.default\">\n\t\t\t\t<div class=\"elementor-widget-container\">\n\t\t\t\t\t\t\t\t\t<p>\u00bfPUEDO AYUDAR A ALGUIEN QUE PIENSE QUE LO NECESITE?<\/p>\t\t\t\t\t\t\t\t<\/div>\n\t\t\t\t<\/div>\n\t\t\t\t<div class=\"elementor-element elementor-element-f002b63 elementor-widget elementor-widget-text-editor\" data-id=\"f002b63\" data-element_type=\"widget\" data-e-type=\"widget\" data-widget_type=\"text-editor.default\">\n\t\t\t\t<div class=\"elementor-widget-container\">\n\t\t\t\t\t\t\t\t\t<p>Tal vez tu te sientas muy bien y satisfecho con tu vida, negocio y logros, pero veas que alguien muy cercano a ti no logra eso que tu, a base de experiencias, errores y aciertos has logrado.<\/p><p>Puede ser tu hijo o hija, puede ser un amigo cercano al que le tienes un aprecio especial y la verdad no encuentras la manera de ayudarle.<\/p><p>Podemos proveer de las herramientas necesarias para ayudar a cualquier persona en cualquier campo de su vida de una vez por todas, complementando y ahorrando en cualquier otra forma de ayuda que conozcas, ya sea psicol\u00f3gica, alg\u00fan tipo de coaching o similar, logrando resultados sustentados en ciencia.<\/p><p>Puede que esa persona que lo necesite en alg\u00fan momento seas tu mismo. Las cosas pueden cambiar de un momento a otro, puede que necesites cierta informaci\u00f3n para responder en el momento que sea necesario.<\/p>\t\t\t\t\t\t\t\t<\/div>\n\t\t\t\t<\/div>\n\t\t\t\t<div class=\"elementor-element elementor-element-8cbb750 elementor-widget elementor-widget-image\" data-id=\"8cbb750\" data-element_type=\"widget\" data-e-type=\"widget\" data-widget_type=\"image.default\">\n\t\t\t\t<div class=\"elementor-widget-container\">\n\t\t\t\t\t\t\t\t\t\t\t\t\t\t\t<img decoding=\"async\" width=\"559\" height=\"175\" src=\"https:\/\/ocusgroup.org\/wp-content\/uploads\/2021\/07\/Puedo-ayudar-a-alguien-que-piense-que-lo-necesite.jpg\" class=\"attachment-large size-large wp-image-1450\" alt=\"\" srcset=\"https:\/\/ocusgroup.org\/wp-content\/uploads\/2021\/07\/Puedo-ayudar-a-alguien-que-piense-que-lo-necesite.jpg 559w, https:\/\/ocusgroup.org\/wp-content\/uploads\/2021\/07\/Puedo-ayudar-a-alguien-que-piense-que-lo-necesite-300x94.jpg 300w\" sizes=\"(max-width: 559px) 100vw, 559px\" \/>\t\t\t\t\t\t\t\t\t\t\t\t\t\t\t<\/div>\n\t\t\t\t<\/div>\n\t\t\t\t\t<\/div>\n\t\t<\/div>\n\t\t\t\t\t<\/div>\n\t\t<\/section>\n\t\t\t\t<section class=\"elementor-section elementor-top-section elementor-element elementor-element-218b22ed elementor-section-boxed elementor-section-height-default elementor-section-height-default\" data-id=\"218b22ed\" data-element_type=\"section\" data-e-type=\"section\">\n\t\t\t\t\t\t<div class=\"elementor-container elementor-column-gap-default\">\n\t\t\t\t\t<div class=\"elementor-column elementor-col-100 elementor-top-column elementor-element elementor-element-4cc5ccc9\" data-id=\"4cc5ccc9\" data-element_type=\"column\" data-e-type=\"column\">\n\t\t\t<div class=\"elementor-widget-wrap elementor-element-populated\">\n\t\t\t\t\t\t<div class=\"elementor-element elementor-element-79b24fb3 elementor-widget elementor-widget-text-editor\" data-id=\"79b24fb3\" data-element_type=\"widget\" data-e-type=\"widget\" data-widget_type=\"text-editor.default\">\n\t\t\t\t<div class=\"elementor-widget-container\">\n\t\t\t\t\t\t\t\t\t<p>PREGUNTAS FRECUENTES DE PERSONA INDIVIDUAL<\/p>\t\t\t\t\t\t\t\t<\/div>\n\t\t\t\t<\/div>\n\t\t\t\t<div class=\"elementor-element elementor-element-6e32a426 elementor-widget elementor-widget-text-editor\" data-id=\"6e32a426\" data-element_type=\"widget\" data-e-type=\"widget\" data-widget_type=\"text-editor.default\">\n\t\t\t\t<div class=\"elementor-widget-container\">\n\t\t\t\t\t\t\t\t\t<p>OCUS te da la informaci\u00f3n especifica y necesaria para que puedas guiar a tus hijos en todas las etapas de su vida.<\/p><p>A resolver cualquier problem\u00e1tica desde su propia esencia (vamos a decirlo as\u00ed). Podr\u00e1s dar ese consejo oportuno, explicarle el por que de los pormenores de su vida al tener una base cient\u00edfica que respalde tus consejos, ser\u00e1n la mejor gu\u00eda, ayud\u00e1ndoles a minimizar sus errores, sufrir menos, acertar en sus decisiones y poder guiarlos a alcanzar el m\u00e1ximo de sus posibilidades.<\/p><p>Podr\u00e1s incluso orientarle en tema vocacional y futuro profesional.<\/p>\t\t\t\t\t\t\t\t<\/div>\n\t\t\t\t<\/div>\n\t\t\t\t<div class=\"elementor-element elementor-element-184e82ed elementor-widget elementor-widget-image\" data-id=\"184e82ed\" data-element_type=\"widget\" data-e-type=\"widget\" data-widget_type=\"image.default\">\n\t\t\t\t<div class=\"elementor-widget-container\">\n\t\t\t\t\t\t\t\t\t\t\t\t\t\t\t<img loading=\"lazy\" decoding=\"async\" width=\"768\" height=\"241\" src=\"https:\/\/ocusgroup.org\/wp-content\/uploads\/2021\/07\/COMO-PUEDE-AYUDAR-A-MIS-HIJOS-ESTA-CIENCIA-768x241.jpg\" class=\"attachment-medium_large size-medium_large wp-image-1451\" alt=\"\" srcset=\"https:\/\/ocusgroup.org\/wp-content\/uploads\/2021\/07\/COMO-PUEDE-AYUDAR-A-MIS-HIJOS-ESTA-CIENCIA-768x241.jpg 768w, https:\/\/ocusgroup.org\/wp-content\/uploads\/2021\/07\/COMO-PUEDE-AYUDAR-A-MIS-HIJOS-ESTA-CIENCIA-300x94.jpg 300w, https:\/\/ocusgroup.org\/wp-content\/uploads\/2021\/07\/COMO-PUEDE-AYUDAR-A-MIS-HIJOS-ESTA-CIENCIA-1024x322.jpg 1024w, https:\/\/ocusgroup.org\/wp-content\/uploads\/2021\/07\/COMO-PUEDE-AYUDAR-A-MIS-HIJOS-ESTA-CIENCIA.jpg 1174w\" sizes=\"(max-width: 768px) 100vw, 768px\" \/>\t\t\t\t\t\t\t\t\t\t\t\t\t\t\t<\/div>\n\t\t\t\t<\/div>\n\t\t\t\t\t<\/div>\n\t\t<\/div>\n\t\t\t\t\t<\/div>\n\t\t<\/section>\n\t\t\t\t<section class=\"elementor-section elementor-top-section elementor-element elementor-element-c211b0a elementor-section-boxed elementor-section-height-default elementor-section-height-default\" data-id=\"c211b0a\" data-element_type=\"section\" data-e-type=\"section\">\n\t\t\t\t\t\t<div class=\"elementor-container elementor-column-gap-default\">\n\t\t\t\t\t<div class=\"elementor-column elementor-col-50 elementor-top-column elementor-element elementor-element-69126564\" data-id=\"69126564\" data-element_type=\"column\" data-e-type=\"column\">\n\t\t\t<div class=\"elementor-widget-wrap elementor-element-populated\">\n\t\t\t\t\t\t<div class=\"elementor-element elementor-element-3ebdf5c4 elementor-align-center elementor-widget elementor-widget-button\" data-id=\"3ebdf5c4\" data-element_type=\"widget\" data-e-type=\"widget\" data-widget_type=\"button.default\">\n\t\t\t\t<div class=\"elementor-widget-container\">\n\t\t\t\t\t\t\t\t\t<div class=\"elementor-button-wrapper\">\n\t\t\t\t\t<a class=\"elementor-button elementor-button-link elementor-size-lg\" href=\"https:\/\/ocusgroup.org\/en\/contacto\/\">\n\t\t\t\t\t\t<span class=\"elementor-button-content-wrapper\">\n\t\t\t\t\t\t<span class=\"elementor-button-icon\">\n\t\t\t\t<i aria-hidden=\"true\" class=\"fas fa-location-arrow\"><\/i>\t\t\t<\/span>\n\t\t\t\t\t\t\t\t\t<span class=\"elementor-button-text\">CONTACT US<\/span>\n\t\t\t\t\t<\/span>\n\t\t\t\t\t<\/a>\n\t\t\t\t<\/div>\n\t\t\t\t\t\t\t\t<\/div>\n\t\t\t\t<\/div>\n\t\t\t\t\t<\/div>\n\t\t<\/div>\n\t\t\t\t<div class=\"elementor-column elementor-col-50 elementor-top-column elementor-element elementor-element-6e89e944\" data-id=\"6e89e944\" data-element_type=\"column\" data-e-type=\"column\">\n\t\t\t<div class=\"elementor-widget-wrap elementor-element-populated\">\n\t\t\t\t\t\t<div class=\"elementor-element elementor-element-7bdf8aba elementor-align-center elementor-widget elementor-widget-button\" data-id=\"7bdf8aba\" data-element_type=\"widget\" data-e-type=\"widget\" data-widget_type=\"button.default\">\n\t\t\t\t<div class=\"elementor-widget-container\">\n\t\t\t\t\t\t\t\t\t<div class=\"elementor-button-wrapper\">\n\t\t\t\t\t<a class=\"elementor-button elementor-button-link elementor-size-lg\" href=\"https:\/\/ocusgroup.org\/en\/preguntas-frecuentes\/\">\n\t\t\t\t\t\t<span class=\"elementor-button-content-wrapper\">\n\t\t\t\t\t\t<span class=\"elementor-button-icon\">\n\t\t\t\t<i aria-hidden=\"true\" class=\"fas fa-location-arrow\"><\/i>\t\t\t<\/span>\n\t\t\t\t\t\t\t\t\t<span class=\"elementor-button-text\">FREQUENT ASKED QUESTIONS<\/span>\n\t\t\t\t\t<\/span>\n\t\t\t\t\t<\/a>\n\t\t\t\t<\/div>\n\t\t\t\t\t\t\t\t<\/div>\n\t\t\t\t<\/div>\n\t\t\t\t\t<\/div>\n\t\t<\/div>\n\t\t\t\t\t<\/div>\n\t\t<\/section>\n\t\t\t\t<\/div>","protected":false},"excerpt":{"rendered":"<p>ASESORIA EMPRESARIAL OCUS OCUS te mostrara, en varios pasos lo que podr\u00edamos llamar el algoritmo de tu vida. \u00a0Imag\u00ednate que cada persona es un fant\u00e1stico paquete de juego de lego, que trae todas sus piezas completas con caracter\u00edsticas \u00fanicas y con la posibilidad de convertirse en un juguete vistoso y \u00fatil. \u00a0Solo que hay un&#8230;<\/p>","protected":false},"author":1,"featured_media":0,"parent":0,"menu_order":0,"comment_status":"closed","ping_status":"closed","template":"","meta":{"_kad_post_transparent":"","_kad_post_title":"hide","_kad_post_layout":"fullwidth","_kad_post_sidebar_id":"","_kad_post_content_style":"unboxed","_kad_post_vertical_padding":"hide","_kad_post_feature":"hide","_kad_post_feature_position":"","_kad_post_header":false,"_kad_post_footer":false,"_kad_post_classname":"","footnotes":""},"class_list":["post-1439","page","type-page","status-publish","hentry"],"yoast_head":"<!-- This site is optimized with the Yoast SEO plugin v27.4 - https:\/\/yoast.com\/product\/yoast-seo-wordpress\/ -->\n<title>PREGUNTAS FRECUENTES PERSONA INDIVIDUAL - Ocus<\/title>\n<meta name=\"robots\" content=\"index, follow, max-snippet:-1, max-image-preview:large, max-video-preview:-1\" \/>\n<link rel=\"canonical\" href=\"https:\/\/ocusgroup.org\/en\/preguntas-frecuentes-persona-individual\/\" \/>\n<meta property=\"og:locale\" content=\"en_US\" \/>\n<meta property=\"og:type\" content=\"article\" \/>\n<meta property=\"og:title\" content=\"PREGUNTAS FRECUENTES PERSONA INDIVIDUAL - Ocus\" \/>\n<meta property=\"og:description\" content=\"ASESORIA EMPRESARIAL OCUS OCUS te mostrara, en varios pasos lo que podr\u00edamos llamar el algoritmo de tu vida. \u00a0Imag\u00ednate que cada persona es un fant\u00e1stico paquete de juego de lego, que trae todas sus piezas completas con caracter\u00edsticas \u00fanicas y con la posibilidad de convertirse en un juguete vistoso y \u00fatil. \u00a0Solo que hay un...\" \/>\n<meta property=\"og:url\" content=\"https:\/\/ocusgroup.org\/en\/preguntas-frecuentes-persona-individual\/\" \/>\n<meta property=\"og:site_name\" content=\"Ocus\" \/>\n<meta property=\"article:modified_time\" content=\"2021-07-14T15:25:17+00:00\" \/>\n<meta property=\"og:image\" content=\"https:\/\/ocusgroup.org\/wp-content\/uploads\/2021\/07\/Que-es-lo-que-OCUS-puede-hacer-por-mi.jpg\" \/>\n<meta name=\"twitter:card\" content=\"summary_large_image\" \/>\n<meta name=\"twitter:label1\" content=\"Est. reading time\" \/>\n\t<meta name=\"twitter:data1\" content=\"2 minutes\" \/>\n<script type=\"application\/ld+json\" class=\"yoast-schema-graph\">{\"@context\":\"https:\\\/\\\/schema.org\",\"@graph\":[{\"@type\":\"WebPage\",\"@id\":\"https:\\\/\\\/ocusgroup.org\\\/preguntas-frecuentes-persona-individual\\\/\",\"url\":\"https:\\\/\\\/ocusgroup.org\\\/preguntas-frecuentes-persona-individual\\\/\",\"name\":\"PREGUNTAS FRECUENTES PERSONA INDIVIDUAL - Ocus\",\"isPartOf\":{\"@id\":\"https:\\\/\\\/ocusgroup.org\\\/#website\"},\"primaryImageOfPage\":{\"@id\":\"https:\\\/\\\/ocusgroup.org\\\/preguntas-frecuentes-persona-individual\\\/#primaryimage\"},\"image\":{\"@id\":\"https:\\\/\\\/ocusgroup.org\\\/preguntas-frecuentes-persona-individual\\\/#primaryimage\"},\"thumbnailUrl\":\"https:\\\/\\\/ocusgroup.org\\\/wp-content\\\/uploads\\\/2021\\\/07\\\/Que-es-lo-que-OCUS-puede-hacer-por-mi.jpg\",\"datePublished\":\"2021-07-07T23:34:33+00:00\",\"dateModified\":\"2021-07-14T15:25:17+00:00\",\"breadcrumb\":{\"@id\":\"https:\\\/\\\/ocusgroup.org\\\/preguntas-frecuentes-persona-individual\\\/#breadcrumb\"},\"inLanguage\":\"en-US\",\"potentialAction\":[{\"@type\":\"ReadAction\",\"target\":[\"https:\\\/\\\/ocusgroup.org\\\/preguntas-frecuentes-persona-individual\\\/\"]}]},{\"@type\":\"ImageObject\",\"inLanguage\":\"en-US\",\"@id\":\"https:\\\/\\\/ocusgroup.org\\\/preguntas-frecuentes-persona-individual\\\/#primaryimage\",\"url\":\"https:\\\/\\\/ocusgroup.org\\\/wp-content\\\/uploads\\\/2021\\\/07\\\/Que-es-lo-que-OCUS-puede-hacer-por-mi.jpg\",\"contentUrl\":\"https:\\\/\\\/ocusgroup.org\\\/wp-content\\\/uploads\\\/2021\\\/07\\\/Que-es-lo-que-OCUS-puede-hacer-por-mi.jpg\"},{\"@type\":\"BreadcrumbList\",\"@id\":\"https:\\\/\\\/ocusgroup.org\\\/preguntas-frecuentes-persona-individual\\\/#breadcrumb\",\"itemListElement\":[{\"@type\":\"ListItem\",\"position\":1,\"name\":\"Portada\",\"item\":\"https:\\\/\\\/ocusgroup.org\\\/\"},{\"@type\":\"ListItem\",\"position\":2,\"name\":\"PREGUNTAS FRECUENTES PERSONA INDIVIDUAL\"}]},{\"@type\":\"WebSite\",\"@id\":\"https:\\\/\\\/ocusgroup.org\\\/#website\",\"url\":\"https:\\\/\\\/ocusgroup.org\\\/\",\"name\":\"Ocus\",\"description\":\"Science Behind Success\",\"publisher\":{\"@id\":\"https:\\\/\\\/ocusgroup.org\\\/#organization\"},\"potentialAction\":[{\"@type\":\"SearchAction\",\"target\":{\"@type\":\"EntryPoint\",\"urlTemplate\":\"https:\\\/\\\/ocusgroup.org\\\/?s={search_term_string}\"},\"query-input\":{\"@type\":\"PropertyValueSpecification\",\"valueRequired\":true,\"valueName\":\"search_term_string\"}}],\"inLanguage\":\"en-US\"},{\"@type\":\"Organization\",\"@id\":\"https:\\\/\\\/ocusgroup.org\\\/#organization\",\"name\":\"Ocus\",\"url\":\"https:\\\/\\\/ocusgroup.org\\\/\",\"logo\":{\"@type\":\"ImageObject\",\"inLanguage\":\"en-US\",\"@id\":\"https:\\\/\\\/ocusgroup.org\\\/#\\\/schema\\\/logo\\\/image\\\/\",\"url\":\"https:\\\/\\\/ocusgroup.org\\\/wp-content\\\/uploads\\\/2021\\\/06\\\/Ocus-AZUL.png\",\"contentUrl\":\"https:\\\/\\\/ocusgroup.org\\\/wp-content\\\/uploads\\\/2021\\\/06\\\/Ocus-AZUL.png\",\"width\":2400,\"height\":1425,\"caption\":\"Ocus\"},\"image\":{\"@id\":\"https:\\\/\\\/ocusgroup.org\\\/#\\\/schema\\\/logo\\\/image\\\/\"}}]}<\/script>\n<!-- \/ Yoast SEO plugin. -->","yoast_head_json":{"title":"PREGUNTAS FRECUENTES PERSONA INDIVIDUAL - Ocus","robots":{"index":"index","follow":"follow","max-snippet":"max-snippet:-1","max-image-preview":"max-image-preview:large","max-video-preview":"max-video-preview:-1"},"canonical":"https:\/\/ocusgroup.org\/en\/preguntas-frecuentes-persona-individual\/","og_locale":"en_US","og_type":"article","og_title":"PREGUNTAS FRECUENTES PERSONA INDIVIDUAL - Ocus","og_description":"ASESORIA EMPRESARIAL OCUS OCUS te mostrara, en varios pasos lo que podr\u00edamos llamar el algoritmo de tu vida. \u00a0Imag\u00ednate que cada persona es un fant\u00e1stico paquete de juego de lego, que trae todas sus piezas completas con caracter\u00edsticas \u00fanicas y con la posibilidad de convertirse en un juguete vistoso y \u00fatil. \u00a0Solo que hay un...","og_url":"https:\/\/ocusgroup.org\/en\/preguntas-frecuentes-persona-individual\/","og_site_name":"Ocus","article_modified_time":"2021-07-14T15:25:17+00:00","og_image":[{"url":"https:\/\/ocusgroup.org\/wp-content\/uploads\/2021\/07\/Que-es-lo-que-OCUS-puede-hacer-por-mi.jpg","type":"","width":"","height":""}],"twitter_card":"summary_large_image","twitter_misc":{"Est. reading time":"2 minutes"},"schema":{"@context":"https:\/\/schema.org","@graph":[{"@type":"WebPage","@id":"https:\/\/ocusgroup.org\/preguntas-frecuentes-persona-individual\/","url":"https:\/\/ocusgroup.org\/preguntas-frecuentes-persona-individual\/","name":"PREGUNTAS FRECUENTES PERSONA INDIVIDUAL - Ocus","isPartOf":{"@id":"https:\/\/ocusgroup.org\/#website"},"primaryImageOfPage":{"@id":"https:\/\/ocusgroup.org\/preguntas-frecuentes-persona-individual\/#primaryimage"},"image":{"@id":"https:\/\/ocusgroup.org\/preguntas-frecuentes-persona-individual\/#primaryimage"},"thumbnailUrl":"https:\/\/ocusgroup.org\/wp-content\/uploads\/2021\/07\/Que-es-lo-que-OCUS-puede-hacer-por-mi.jpg","datePublished":"2021-07-07T23:34:33+00:00","dateModified":"2021-07-14T15:25:17+00:00","breadcrumb":{"@id":"https:\/\/ocusgroup.org\/preguntas-frecuentes-persona-individual\/#breadcrumb"},"inLanguage":"en-US","potentialAction":[{"@type":"ReadAction","target":["https:\/\/ocusgroup.org\/preguntas-frecuentes-persona-individual\/"]}]},{"@type":"ImageObject","inLanguage":"en-US","@id":"https:\/\/ocusgroup.org\/preguntas-frecuentes-persona-individual\/#primaryimage","url":"https:\/\/ocusgroup.org\/wp-content\/uploads\/2021\/07\/Que-es-lo-que-OCUS-puede-hacer-por-mi.jpg","contentUrl":"https:\/\/ocusgroup.org\/wp-content\/uploads\/2021\/07\/Que-es-lo-que-OCUS-puede-hacer-por-mi.jpg"},{"@type":"BreadcrumbList","@id":"https:\/\/ocusgroup.org\/preguntas-frecuentes-persona-individual\/#breadcrumb","itemListElement":[{"@type":"ListItem","position":1,"name":"Portada","item":"https:\/\/ocusgroup.org\/"},{"@type":"ListItem","position":2,"name":"PREGUNTAS FRECUENTES PERSONA INDIVIDUAL"}]},{"@type":"WebSite","@id":"https:\/\/ocusgroup.org\/#website","url":"https:\/\/ocusgroup.org\/","name":"Ocus","description":"Science Behind Success","publisher":{"@id":"https:\/\/ocusgroup.org\/#organization"},"potentialAction":[{"@type":"SearchAction","target":{"@type":"EntryPoint","urlTemplate":"https:\/\/ocusgroup.org\/?s={search_term_string}"},"query-input":{"@type":"PropertyValueSpecification","valueRequired":true,"valueName":"search_term_string"}}],"inLanguage":"en-US"},{"@type":"Organization","@id":"https:\/\/ocusgroup.org\/#organization","name":"Ocus","url":"https:\/\/ocusgroup.org\/","logo":{"@type":"ImageObject","inLanguage":"en-US","@id":"https:\/\/ocusgroup.org\/#\/schema\/logo\/image\/","url":"https:\/\/ocusgroup.org\/wp-content\/uploads\/2021\/06\/Ocus-AZUL.png","contentUrl":"https:\/\/ocusgroup.org\/wp-content\/uploads\/2021\/06\/Ocus-AZUL.png","width":2400,"height":1425,"caption":"Ocus"},"image":{"@id":"https:\/\/ocusgroup.org\/#\/schema\/logo\/image\/"}}]}},"_links":{"self":[{"href":"https:\/\/ocusgroup.org\/en\/wp-json\/wp\/v2\/pages\/1439","targetHints":{"allow":["GET"]}}],"collection":[{"href":"https:\/\/ocusgroup.org\/en\/wp-json\/wp\/v2\/pages"}],"about":[{"href":"https:\/\/ocusgroup.org\/en\/wp-json\/wp\/v2\/types\/page"}],"author":[{"embeddable":true,"href":"https:\/\/ocusgroup.org\/en\/wp-json\/wp\/v2\/users\/1"}],"replies":[{"embeddable":true,"href":"https:\/\/ocusgroup.org\/en\/wp-json\/wp\/v2\/comments?post=1439"}],"version-history":[{"count":37,"href":"https:\/\/ocusgroup.org\/en\/wp-json\/wp\/v2\/pages\/1439\/revisions"}],"predecessor-version":[{"id":1963,"href":"https:\/\/ocusgroup.org\/en\/wp-json\/wp\/v2\/pages\/1439\/revisions\/1963"}],"wp:attachment":[{"href":"https:\/\/ocusgroup.org\/en\/wp-json\/wp\/v2\/media?parent=1439"}],"curies":[{"name":"wp","href":"https:\/\/api.w.org\/{rel}","templated":true}]}}