{"id":1357,"date":"2021-07-07T22:11:06","date_gmt":"2021-07-07T22:11:06","guid":{"rendered":"https:\/\/www.ocusgroup.org\/?page_id=1357"},"modified":"2025-09-05T17:44:56","modified_gmt":"2025-09-05T17:44:56","slug":"desarrollo-investigacion-cientifica","status":"publish","type":"page","link":"https:\/\/ocusgroup.org\/en\/desarrollo-investigacion-cientifica\/","title":{"rendered":"Other Services"},"content":{"rendered":"<div data-elementor-type=\"wp-page\" data-elementor-id=\"1357\" class=\"elementor elementor-1357\">\n\t\t\t\t\t\t<section class=\"elementor-section elementor-top-section elementor-element elementor-element-58205f4f elementor-section-boxed elementor-section-height-default elementor-section-height-default\" data-id=\"58205f4f\" data-element_type=\"section\" data-e-type=\"section\">\n\t\t\t\t\t\t<div class=\"elementor-container elementor-column-gap-default\">\n\t\t\t\t\t<div class=\"elementor-column elementor-col-100 elementor-top-column elementor-element elementor-element-16f08e41\" data-id=\"16f08e41\" data-element_type=\"column\" data-e-type=\"column\">\n\t\t\t<div class=\"elementor-widget-wrap elementor-element-populated\">\n\t\t\t\t\t\t<div class=\"elementor-element elementor-element-68de84c5 elementor-widget elementor-widget-text-editor\" data-id=\"68de84c5\" data-element_type=\"widget\" data-e-type=\"widget\" data-widget_type=\"text-editor.default\">\n\t\t\t\t<div class=\"elementor-widget-container\">\n\t\t\t\t\t\t\t\t\t<p>Other Services<\/p>\t\t\t\t\t\t\t\t<\/div>\n\t\t\t\t<\/div>\n\t\t\t\t<section class=\"elementor-section elementor-inner-section elementor-element elementor-element-6a0e3c1 elementor-section-boxed elementor-section-height-default elementor-section-height-default\" data-id=\"6a0e3c1\" data-element_type=\"section\" data-e-type=\"section\">\n\t\t\t\t\t\t<div class=\"elementor-container elementor-column-gap-default\">\n\t\t\t\t\t<div class=\"elementor-column elementor-col-50 elementor-inner-column elementor-element elementor-element-62f30957\" data-id=\"62f30957\" data-element_type=\"column\" data-e-type=\"column\" data-settings=\"{&quot;background_background&quot;:&quot;classic&quot;}\">\n\t\t\t<div class=\"elementor-widget-wrap elementor-element-populated\">\n\t\t\t\t\t\t<div class=\"elementor-element elementor-element-25a4fbc3 elementor-widget elementor-widget-text-editor\" data-id=\"25a4fbc3\" data-element_type=\"widget\" data-e-type=\"widget\" data-widget_type=\"text-editor.default\">\n\t\t\t\t<div class=\"elementor-widget-container\">\n\t\t\t\t\t\t\t\t\t<p><strong>Consulting in:<\/strong><\/p>\n<ol>\n<li>Forensic Expertise<\/li>\n<li>Psychological Profiling<\/li>\n<li>Vocational Guidance<\/li>\n<li>Decision-Making<\/li>\n<li>Problem Solving<\/li>\n<li>Stock Market Investments&nbsp;<\/li><li>Military &amp; Civil Intelligence<\/li>\n<\/ol>\t\t\t\t\t\t\t\t<\/div>\n\t\t\t\t<\/div>\n\t\t\t\t\t<\/div>\n\t\t<\/div>\n\t\t\t\t<div class=\"elementor-column elementor-col-50 elementor-inner-column elementor-element elementor-element-8a25e6a\" data-id=\"8a25e6a\" data-element_type=\"column\" data-e-type=\"column\">\n\t\t\t<div class=\"elementor-widget-wrap elementor-element-populated\">\n\t\t\t\t\t\t<div class=\"elementor-element elementor-element-5ae3e2f8 elementor-widget elementor-widget-image\" data-id=\"5ae3e2f8\" data-element_type=\"widget\" data-e-type=\"widget\" data-widget_type=\"image.default\">\n\t\t\t\t<div class=\"elementor-widget-container\">\n\t\t\t\t\t\t\t\t\t\t\t\t\t\t\t<img fetchpriority=\"high\" decoding=\"async\" width=\"1000\" height=\"639\" src=\"https:\/\/ocusgroup.org\/wp-content\/uploads\/2021\/07\/big-data.jpg\" class=\"attachment-large size-large wp-image-1793\" alt=\"\" srcset=\"https:\/\/ocusgroup.org\/wp-content\/uploads\/2021\/07\/big-data.jpg 1000w, https:\/\/ocusgroup.org\/wp-content\/uploads\/2021\/07\/big-data-300x192.jpg 300w, https:\/\/ocusgroup.org\/wp-content\/uploads\/2021\/07\/big-data-768x491.jpg 768w\" sizes=\"(max-width: 1000px) 100vw, 1000px\" \/>\t\t\t\t\t\t\t\t\t\t\t\t\t\t\t<\/div>\n\t\t\t\t<\/div>\n\t\t\t\t\t<\/div>\n\t\t<\/div>\n\t\t\t\t\t<\/div>\n\t\t<\/section>\n\t\t\t\t<div class=\"elementor-element elementor-element-67193da elementor-widget elementor-widget-text-editor\" data-id=\"67193da\" data-element_type=\"widget\" data-e-type=\"widget\" data-widget_type=\"text-editor.default\">\n\t\t\t\t<div class=\"elementor-widget-container\">\n\t\t\t\t\t\t\t\t\t<p><strong class=\"x-el x-el-span c1-1n c1-1o c1-b c1-99 c1-32 c1-4v c1-9a\">Smart Decisions, Extraordinary Results<\/strong><\/p><p>Discover something that no one else in the world can offer. Our Intelligent Matrix provides the space-time sequence or creation algorithms that identify individuals, companies, and institutions in a personalized and unique way.\u00a0<\/p><p>A unique information technology, backed by a revolutionary scientific discovery. We offer support and advice in forensic analysis, psychological profiling, career counseling, decision-making, problem-solving, stock market investments, and business monitoring. We are the only ones in the world with this innovation, designed to transform your decisions into extraordinary results.\u00a0<\/p><p>Discover it today!<\/p>\t\t\t\t\t\t\t\t<\/div>\n\t\t\t\t<\/div>\n\t\t\t\t<div class=\"elementor-element elementor-element-a5bfcfd elementor-widget-divider--view-line elementor-widget elementor-widget-divider\" data-id=\"a5bfcfd\" data-element_type=\"widget\" data-e-type=\"widget\" data-widget_type=\"divider.default\">\n\t\t\t\t<div class=\"elementor-widget-container\">\n\t\t\t\t\t\t\t<div class=\"elementor-divider\">\n\t\t\t<span class=\"elementor-divider-separator\">\n\t\t\t\t\t\t<\/span>\n\t\t<\/div>\n\t\t\t\t\t\t<\/div>\n\t\t\t\t<\/div>\n\t\t\t\t<div class=\"elementor-element elementor-element-cb0c9c3 elementor-widget elementor-widget-text-editor\" data-id=\"cb0c9c3\" data-element_type=\"widget\" data-e-type=\"widget\" data-widget_type=\"text-editor.default\">\n\t\t\t\t<div class=\"elementor-widget-container\">\n\t\t\t\t\t\t\t\t\t<h4 class=\"x-el x-el-h4 c1-1 c1-2 c1-1q c1-1f c1-81 c1-19 c1-17 c1-16 c1-18 c1-b c1-82 c1-62 c1-44 c1-65 c1-67 c1-68 c1-69\" role=\"heading\" aria-level=\"4\" data-ux=\"FeaturedHeading\" data-aid=\"CONTENT_WELCOME_TITLE_RENDERED\" data-typography=\"HeadingDelta\">Requirements<\/h4><div class=\"x-el c1-1 c1-2 c1-1q c1-1f c1-4z c1-16 c1-18 c1-86 c1-87 c1-88 c1-89 c1-8a c1-8b c1-8c c1-8d c1-8e c1-8f c1-8g c1-8h c1-8i c1-8j c1-8k c1-8l c1-8m c1-8n c1-8o c1-8p c1-8q c1-8r c1-8s c1-8t c1-8u c1-8v c1-8w c1-8x c1-8y c1-8z c1-90 c1-91 c1-92 c1-7b c1-b c1-9h c1-c c1-44 c1-d c1-e c1-f c1-g x-rt\" data-ux=\"FeaturedText\" data-aid=\"CONTENT_WELCOME_DESCRIPTION_RENDERED\" data-typography=\"BodyAlpha\"><p><strong class=\"x-el x-el-span c1-1n c1-1o c1-b c1-99 c1-32 c1-4v c1-9a\">Policies, Terms, and Conditions<\/strong><\/p><p>Payment is required to access the results of the service.<\/p><p><strong class=\"x-el x-el-span c1-1n c1-1o c1-b c1-99 c1-32 c1-4v c1-9a\">Confidentiality Agreement and Authorization Letter<\/strong><\/p><p>We consider it important to have an authorization letter and a confidentiality agreement (NDA) between the parties to ensure, among other things, that QSP agrees to protect and not disclose confidential information related to the results of Ocus Other  Services, and on the other hand, you agree to safeguard and reasonably use the deliverables of these services.<\/p><p>To do so, you will need to sign a document through DocuSign, which will be sent to your email.<\/p><p>Contact us to provide you with more information, send you the payment link, and the confidentiality agreement documents.\u00a0<\/p><\/div>\t\t\t\t\t\t\t\t<\/div>\n\t\t\t\t<\/div>\n\t\t\t\t<div class=\"elementor-element elementor-element-8245a45 elementor-widget-divider--view-line elementor-widget elementor-widget-divider\" data-id=\"8245a45\" data-element_type=\"widget\" data-e-type=\"widget\" data-widget_type=\"divider.default\">\n\t\t\t\t<div class=\"elementor-widget-container\">\n\t\t\t\t\t\t\t<div class=\"elementor-divider\">\n\t\t\t<span class=\"elementor-divider-separator\">\n\t\t\t\t\t\t<\/span>\n\t\t<\/div>\n\t\t\t\t\t\t<\/div>\n\t\t\t\t<\/div>\n\t\t\t\t<div class=\"elementor-element elementor-element-ca0bb28 elementor-widget elementor-widget-text-editor\" data-id=\"ca0bb28\" data-element_type=\"widget\" data-e-type=\"widget\" data-widget_type=\"text-editor.default\">\n\t\t\t\t<div class=\"elementor-widget-container\">\n\t\t\t\t\t\t\t\t\t<h4 class=\"x-el x-el-h4 c1-1 c1-2 c1-1q c1-1f c1-81 c1-19 c1-17 c1-16 c1-18 c1-b c1-9r c1-62 c1-44 c1-65 c1-67 c1-68 c1-69\" role=\"heading\" aria-level=\"4\" data-ux=\"FeaturedHeading\" data-aid=\"CONTENT_WELCOME_TITLE_RENDERED\" data-typography=\"HeadingDelta\">Process and Recommendations<\/h4><h4 class=\"x-el x-el-h4 c1-1 c1-2 c1-1q c1-1f c1-81 c1-19 c1-17 c1-16 c1-18 c1-b c1-9r c1-62 c1-44 c1-65 c1-67 c1-68 c1-69\" role=\"heading\" aria-level=\"4\" data-ux=\"FeaturedHeading\" data-aid=\"CONTENT_WELCOME_TITLE_RENDERED\" data-typography=\"HeadingDelta\"><span style=\"color: #000027; font-family: var(--global-body-font-family); font-size: 20px; font-weight: normal;\">1. Make your payment for the service you wish to obtain via a payment link from Stripe, PayPal, or bank transfer.<\/span><\/h4><h4 class=\"x-el x-el-h4 c1-1 c1-2 c1-1q c1-1f c1-81 c1-19 c1-17 c1-16 c1-18 c1-b c1-9r c1-62 c1-44 c1-65 c1-67 c1-68 c1-69\" role=\"heading\" aria-level=\"4\" data-ux=\"FeaturedHeading\" data-aid=\"CONTENT_WELCOME_TITLE_RENDERED\" data-typography=\"HeadingDelta\"><span style=\"color: #000027; font-family: var(--global-body-font-family); font-size: 20px; font-weight: normal;\">2. Sign the confidentiality document through DocuSign.<\/span><\/h4><h4 class=\"x-el x-el-h4 c1-1 c1-2 c1-1q c1-1f c1-81 c1-19 c1-17 c1-16 c1-18 c1-b c1-9r c1-62 c1-44 c1-65 c1-67 c1-68 c1-69\" role=\"heading\" aria-level=\"4\" data-ux=\"FeaturedHeading\" data-aid=\"CONTENT_WELCOME_TITLE_RENDERED\" data-typography=\"HeadingDelta\"><span style=\"color: #000027; font-family: var(--global-body-font-family); font-size: 20px; font-weight: normal;\">3. Schedule your virtual session with the scientist via Zoom Scheduler to receive the results of the Ocus Services.<\/span><\/h4>\t\t\t\t\t\t\t\t<\/div>\n\t\t\t\t<\/div>\n\t\t\t\t\t<\/div>\n\t\t<\/div>\n\t\t\t\t\t<\/div>\n\t\t<\/section>\n\t\t\t\t<\/div>","protected":false},"excerpt":{"rendered":"<p>Otros Servicios Asesoramiento en: Peritaje forense Perfiles psicol\u00f3gicos Orientaci\u00f3n vocacional Toma de decisiones Resoluci\u00f3n de problemas Inversiones en bolsa de valores&nbsp; Inteligencia Militar y Civil Decisiones inteligentes \u00a1resultados extraordinarios! Descubre algo que nadie m\u00e1s en el mundo puede ofrecer, nuestra Matriz Inteligente ofrece la secuencia espacio-tiempo o los algoritmos de creaci\u00f3n que identifican a personas,&#8230;<\/p>","protected":false},"author":1,"featured_media":0,"parent":0,"menu_order":0,"comment_status":"closed","ping_status":"closed","template":"","meta":{"_kad_post_transparent":"","_kad_post_title":"hide","_kad_post_layout":"fullwidth","_kad_post_sidebar_id":"","_kad_post_content_style":"unboxed","_kad_post_vertical_padding":"hide","_kad_post_feature":"hide","_kad_post_feature_position":"","_kad_post_header":false,"_kad_post_footer":false,"_kad_post_classname":"","footnotes":""},"class_list":["post-1357","page","type-page","status-publish","hentry"],"yoast_head":"<!-- This site is optimized with the Yoast SEO plugin v27.4 - https:\/\/yoast.com\/product\/yoast-seo-wordpress\/ -->\n<title>Otros Servicios - Ocus<\/title>\n<meta name=\"robots\" content=\"index, follow, max-snippet:-1, max-image-preview:large, max-video-preview:-1\" \/>\n<link rel=\"canonical\" href=\"https:\/\/ocusgroup.org\/en\/desarrollo-investigacion-cientifica\/\" \/>\n<meta property=\"og:locale\" content=\"en_US\" \/>\n<meta property=\"og:type\" content=\"article\" \/>\n<meta property=\"og:title\" content=\"Otros Servicios - Ocus\" \/>\n<meta property=\"og:description\" content=\"Otros Servicios Asesoramiento en: Peritaje forense Perfiles psicol\u00f3gicos Orientaci\u00f3n vocacional Toma de decisiones Resoluci\u00f3n de problemas Inversiones en bolsa de valores&nbsp; Inteligencia Militar y Civil Decisiones inteligentes \u00a1resultados extraordinarios! Descubre algo que nadie m\u00e1s en el mundo puede ofrecer, nuestra Matriz Inteligente ofrece la secuencia espacio-tiempo o los algoritmos de creaci\u00f3n que identifican a personas,...\" \/>\n<meta property=\"og:url\" content=\"https:\/\/ocusgroup.org\/en\/desarrollo-investigacion-cientifica\/\" \/>\n<meta property=\"og:site_name\" content=\"Ocus\" \/>\n<meta property=\"article:modified_time\" content=\"2025-09-05T17:44:56+00:00\" \/>\n<meta property=\"og:image\" content=\"https:\/\/ocusgroup.org\/wp-content\/uploads\/2021\/07\/big-data.jpg\" \/>\n\t<meta property=\"og:image:width\" content=\"1000\" \/>\n\t<meta property=\"og:image:height\" content=\"639\" \/>\n\t<meta property=\"og:image:type\" content=\"image\/jpeg\" \/>\n<meta name=\"twitter:card\" content=\"summary_large_image\" \/>\n<meta name=\"twitter:label1\" content=\"Est. reading time\" \/>\n\t<meta name=\"twitter:data1\" content=\"2 minutes\" \/>\n<script type=\"application\/ld+json\" class=\"yoast-schema-graph\">{\"@context\":\"https:\\\/\\\/schema.org\",\"@graph\":[{\"@type\":\"WebPage\",\"@id\":\"https:\\\/\\\/ocusgroup.org\\\/desarrollo-investigacion-cientifica\\\/\",\"url\":\"https:\\\/\\\/ocusgroup.org\\\/desarrollo-investigacion-cientifica\\\/\",\"name\":\"Otros Servicios - Ocus\",\"isPartOf\":{\"@id\":\"https:\\\/\\\/ocusgroup.org\\\/#website\"},\"primaryImageOfPage\":{\"@id\":\"https:\\\/\\\/ocusgroup.org\\\/desarrollo-investigacion-cientifica\\\/#primaryimage\"},\"image\":{\"@id\":\"https:\\\/\\\/ocusgroup.org\\\/desarrollo-investigacion-cientifica\\\/#primaryimage\"},\"thumbnailUrl\":\"https:\\\/\\\/ocusgroup.org\\\/wp-content\\\/uploads\\\/2021\\\/07\\\/big-data.jpg\",\"datePublished\":\"2021-07-07T22:11:06+00:00\",\"dateModified\":\"2025-09-05T17:44:56+00:00\",\"breadcrumb\":{\"@id\":\"https:\\\/\\\/ocusgroup.org\\\/desarrollo-investigacion-cientifica\\\/#breadcrumb\"},\"inLanguage\":\"en-US\",\"potentialAction\":[{\"@type\":\"ReadAction\",\"target\":[\"https:\\\/\\\/ocusgroup.org\\\/desarrollo-investigacion-cientifica\\\/\"]}]},{\"@type\":\"ImageObject\",\"inLanguage\":\"en-US\",\"@id\":\"https:\\\/\\\/ocusgroup.org\\\/desarrollo-investigacion-cientifica\\\/#primaryimage\",\"url\":\"https:\\\/\\\/ocusgroup.org\\\/wp-content\\\/uploads\\\/2021\\\/07\\\/big-data.jpg\",\"contentUrl\":\"https:\\\/\\\/ocusgroup.org\\\/wp-content\\\/uploads\\\/2021\\\/07\\\/big-data.jpg\"},{\"@type\":\"BreadcrumbList\",\"@id\":\"https:\\\/\\\/ocusgroup.org\\\/desarrollo-investigacion-cientifica\\\/#breadcrumb\",\"itemListElement\":[{\"@type\":\"ListItem\",\"position\":1,\"name\":\"Portada\",\"item\":\"https:\\\/\\\/ocusgroup.org\\\/\"},{\"@type\":\"ListItem\",\"position\":2,\"name\":\"Otros Servicios\"}]},{\"@type\":\"WebSite\",\"@id\":\"https:\\\/\\\/ocusgroup.org\\\/#website\",\"url\":\"https:\\\/\\\/ocusgroup.org\\\/\",\"name\":\"Ocus\",\"description\":\"Science Behind Success\",\"publisher\":{\"@id\":\"https:\\\/\\\/ocusgroup.org\\\/#organization\"},\"potentialAction\":[{\"@type\":\"SearchAction\",\"target\":{\"@type\":\"EntryPoint\",\"urlTemplate\":\"https:\\\/\\\/ocusgroup.org\\\/?s={search_term_string}\"},\"query-input\":{\"@type\":\"PropertyValueSpecification\",\"valueRequired\":true,\"valueName\":\"search_term_string\"}}],\"inLanguage\":\"en-US\"},{\"@type\":\"Organization\",\"@id\":\"https:\\\/\\\/ocusgroup.org\\\/#organization\",\"name\":\"Ocus\",\"url\":\"https:\\\/\\\/ocusgroup.org\\\/\",\"logo\":{\"@type\":\"ImageObject\",\"inLanguage\":\"en-US\",\"@id\":\"https:\\\/\\\/ocusgroup.org\\\/#\\\/schema\\\/logo\\\/image\\\/\",\"url\":\"https:\\\/\\\/ocusgroup.org\\\/wp-content\\\/uploads\\\/2021\\\/06\\\/Ocus-AZUL.png\",\"contentUrl\":\"https:\\\/\\\/ocusgroup.org\\\/wp-content\\\/uploads\\\/2021\\\/06\\\/Ocus-AZUL.png\",\"width\":2400,\"height\":1425,\"caption\":\"Ocus\"},\"image\":{\"@id\":\"https:\\\/\\\/ocusgroup.org\\\/#\\\/schema\\\/logo\\\/image\\\/\"}}]}<\/script>\n<!-- \/ Yoast SEO plugin. -->","yoast_head_json":{"title":"Otros Servicios - Ocus","robots":{"index":"index","follow":"follow","max-snippet":"max-snippet:-1","max-image-preview":"max-image-preview:large","max-video-preview":"max-video-preview:-1"},"canonical":"https:\/\/ocusgroup.org\/en\/desarrollo-investigacion-cientifica\/","og_locale":"en_US","og_type":"article","og_title":"Otros Servicios - Ocus","og_description":"Otros Servicios Asesoramiento en: Peritaje forense Perfiles psicol\u00f3gicos Orientaci\u00f3n vocacional Toma de decisiones Resoluci\u00f3n de problemas Inversiones en bolsa de valores&nbsp; Inteligencia Militar y Civil Decisiones inteligentes \u00a1resultados extraordinarios! Descubre algo que nadie m\u00e1s en el mundo puede ofrecer, nuestra Matriz Inteligente ofrece la secuencia espacio-tiempo o los algoritmos de creaci\u00f3n que identifican a personas,...","og_url":"https:\/\/ocusgroup.org\/en\/desarrollo-investigacion-cientifica\/","og_site_name":"Ocus","article_modified_time":"2025-09-05T17:44:56+00:00","og_image":[{"width":1000,"height":639,"url":"https:\/\/ocusgroup.org\/wp-content\/uploads\/2021\/07\/big-data.jpg","type":"image\/jpeg"}],"twitter_card":"summary_large_image","twitter_misc":{"Est. reading time":"2 minutes"},"schema":{"@context":"https:\/\/schema.org","@graph":[{"@type":"WebPage","@id":"https:\/\/ocusgroup.org\/desarrollo-investigacion-cientifica\/","url":"https:\/\/ocusgroup.org\/desarrollo-investigacion-cientifica\/","name":"Otros Servicios - Ocus","isPartOf":{"@id":"https:\/\/ocusgroup.org\/#website"},"primaryImageOfPage":{"@id":"https:\/\/ocusgroup.org\/desarrollo-investigacion-cientifica\/#primaryimage"},"image":{"@id":"https:\/\/ocusgroup.org\/desarrollo-investigacion-cientifica\/#primaryimage"},"thumbnailUrl":"https:\/\/ocusgroup.org\/wp-content\/uploads\/2021\/07\/big-data.jpg","datePublished":"2021-07-07T22:11:06+00:00","dateModified":"2025-09-05T17:44:56+00:00","breadcrumb":{"@id":"https:\/\/ocusgroup.org\/desarrollo-investigacion-cientifica\/#breadcrumb"},"inLanguage":"en-US","potentialAction":[{"@type":"ReadAction","target":["https:\/\/ocusgroup.org\/desarrollo-investigacion-cientifica\/"]}]},{"@type":"ImageObject","inLanguage":"en-US","@id":"https:\/\/ocusgroup.org\/desarrollo-investigacion-cientifica\/#primaryimage","url":"https:\/\/ocusgroup.org\/wp-content\/uploads\/2021\/07\/big-data.jpg","contentUrl":"https:\/\/ocusgroup.org\/wp-content\/uploads\/2021\/07\/big-data.jpg"},{"@type":"BreadcrumbList","@id":"https:\/\/ocusgroup.org\/desarrollo-investigacion-cientifica\/#breadcrumb","itemListElement":[{"@type":"ListItem","position":1,"name":"Portada","item":"https:\/\/ocusgroup.org\/"},{"@type":"ListItem","position":2,"name":"Otros Servicios"}]},{"@type":"WebSite","@id":"https:\/\/ocusgroup.org\/#website","url":"https:\/\/ocusgroup.org\/","name":"Ocus","description":"Science Behind Success","publisher":{"@id":"https:\/\/ocusgroup.org\/#organization"},"potentialAction":[{"@type":"SearchAction","target":{"@type":"EntryPoint","urlTemplate":"https:\/\/ocusgroup.org\/?s={search_term_string}"},"query-input":{"@type":"PropertyValueSpecification","valueRequired":true,"valueName":"search_term_string"}}],"inLanguage":"en-US"},{"@type":"Organization","@id":"https:\/\/ocusgroup.org\/#organization","name":"Ocus","url":"https:\/\/ocusgroup.org\/","logo":{"@type":"ImageObject","inLanguage":"en-US","@id":"https:\/\/ocusgroup.org\/#\/schema\/logo\/image\/","url":"https:\/\/ocusgroup.org\/wp-content\/uploads\/2021\/06\/Ocus-AZUL.png","contentUrl":"https:\/\/ocusgroup.org\/wp-content\/uploads\/2021\/06\/Ocus-AZUL.png","width":2400,"height":1425,"caption":"Ocus"},"image":{"@id":"https:\/\/ocusgroup.org\/#\/schema\/logo\/image\/"}}]}},"_links":{"self":[{"href":"https:\/\/ocusgroup.org\/en\/wp-json\/wp\/v2\/pages\/1357","targetHints":{"allow":["GET"]}}],"collection":[{"href":"https:\/\/ocusgroup.org\/en\/wp-json\/wp\/v2\/pages"}],"about":[{"href":"https:\/\/ocusgroup.org\/en\/wp-json\/wp\/v2\/types\/page"}],"author":[{"embeddable":true,"href":"https:\/\/ocusgroup.org\/en\/wp-json\/wp\/v2\/users\/1"}],"replies":[{"embeddable":true,"href":"https:\/\/ocusgroup.org\/en\/wp-json\/wp\/v2\/comments?post=1357"}],"version-history":[{"count":52,"href":"https:\/\/ocusgroup.org\/en\/wp-json\/wp\/v2\/pages\/1357\/revisions"}],"predecessor-version":[{"id":2409,"href":"https:\/\/ocusgroup.org\/en\/wp-json\/wp\/v2\/pages\/1357\/revisions\/2409"}],"wp:attachment":[{"href":"https:\/\/ocusgroup.org\/en\/wp-json\/wp\/v2\/media?parent=1357"}],"curies":[{"name":"wp","href":"https:\/\/api.w.org\/{rel}","templated":true}]}}