{"id":1346,"date":"2021-07-07T22:07:03","date_gmt":"2021-07-07T22:07:03","guid":{"rendered":"https:\/\/www.ocusgroup.org\/?page_id=1346"},"modified":"2024-12-21T02:49:11","modified_gmt":"2024-12-21T02:49:11","slug":"reclutamiento-y-seleccion-de-personal-con-ocus","status":"publish","type":"page","link":"https:\/\/ocusgroup.org\/en\/reclutamiento-y-seleccion-de-personal-con-ocus\/","title":{"rendered":"OCUS HR"},"content":{"rendered":"<div data-elementor-type=\"wp-page\" data-elementor-id=\"1346\" class=\"elementor elementor-1346\">\n\t\t\t\t\t\t<section class=\"elementor-section elementor-top-section elementor-element elementor-element-478b6ab elementor-section-boxed elementor-section-height-default elementor-section-height-default\" data-id=\"478b6ab\" data-element_type=\"section\" data-e-type=\"section\">\n\t\t\t\t\t\t<div class=\"elementor-container elementor-column-gap-default\">\n\t\t\t\t\t<div class=\"elementor-column elementor-col-100 elementor-top-column elementor-element elementor-element-aa6d981\" data-id=\"aa6d981\" data-element_type=\"column\" data-e-type=\"column\">\n\t\t\t<div class=\"elementor-widget-wrap elementor-element-populated\">\n\t\t\t\t\t\t<div class=\"elementor-element elementor-element-46f895e elementor-widget elementor-widget-text-editor\" data-id=\"46f895e\" data-element_type=\"widget\" data-e-type=\"widget\" data-widget_type=\"text-editor.default\">\n\t\t\t\t<div class=\"elementor-widget-container\">\n\t\t\t\t\t\t\t\t\t<p>OCUS HR<\/p>\t\t\t\t\t\t\t\t<\/div>\n\t\t\t\t<\/div>\n\t\t\t\t<section class=\"elementor-section elementor-inner-section elementor-element elementor-element-1bc58bb elementor-section-boxed elementor-section-height-default elementor-section-height-default\" data-id=\"1bc58bb\" data-element_type=\"section\" data-e-type=\"section\">\n\t\t\t\t\t\t<div class=\"elementor-container elementor-column-gap-default\">\n\t\t\t\t\t<div class=\"elementor-column elementor-col-50 elementor-inner-column elementor-element elementor-element-929e32c\" data-id=\"929e32c\" data-element_type=\"column\" data-e-type=\"column\">\n\t\t\t<div class=\"elementor-widget-wrap elementor-element-populated\">\n\t\t\t\t\t\t<div class=\"elementor-element elementor-element-b0082b0 elementor-widget elementor-widget-image\" data-id=\"b0082b0\" data-element_type=\"widget\" data-e-type=\"widget\" data-widget_type=\"image.default\">\n\t\t\t\t<div class=\"elementor-widget-container\">\n\t\t\t\t\t\t\t\t\t\t\t\t\t\t\t<img fetchpriority=\"high\" decoding=\"async\" width=\"586\" height=\"255\" src=\"https:\/\/ocusgroup.org\/wp-content\/uploads\/2021\/07\/RECLUTAMIENTO-Y-SELECCION-DE-PERSONAL-CON-OCUS.jpg\" class=\"attachment-medium_large size-medium_large wp-image-1349\" alt=\"\" srcset=\"https:\/\/ocusgroup.org\/wp-content\/uploads\/2021\/07\/RECLUTAMIENTO-Y-SELECCION-DE-PERSONAL-CON-OCUS.jpg 586w, https:\/\/ocusgroup.org\/wp-content\/uploads\/2021\/07\/RECLUTAMIENTO-Y-SELECCION-DE-PERSONAL-CON-OCUS-300x131.jpg 300w\" sizes=\"(max-width: 586px) 100vw, 586px\" \/>\t\t\t\t\t\t\t\t\t\t\t\t\t\t\t<\/div>\n\t\t\t\t<\/div>\n\t\t\t\t\t<\/div>\n\t\t<\/div>\n\t\t\t\t<div class=\"elementor-column elementor-col-50 elementor-inner-column elementor-element elementor-element-7249bdf\" data-id=\"7249bdf\" data-element_type=\"column\" data-e-type=\"column\">\n\t\t\t<div class=\"elementor-widget-wrap elementor-element-populated\">\n\t\t\t\t\t\t<div class=\"elementor-element elementor-element-c227ca2 elementor-widget elementor-widget-text-editor\" data-id=\"c227ca2\" data-element_type=\"widget\" data-e-type=\"widget\" data-widget_type=\"text-editor.default\">\n\t\t\t\t<div class=\"elementor-widget-container\">\n\t\t\t\t\t\t\t\t\t<div id=\"08fac80e-24e0-40d1-af6b-b9fbd319bf6f\" class=\"x-el x-el-div x-el c1-1 c1-2 c1-15 c1-5d c1-4 c1-7w c1-7x c1-1d c1-7y c1-7t c1-b c1-c c1-7z c1-80 c1-d c1-e c1-f c1-g c1-1 c1-2 c1-b c1-c c1-d c1-e c1-f c1-g\" data-ux=\"ContentBasic\"><h4 class=\"x-el x-el-h4 c1-1 c1-2 c1-1q c1-1f c1-81 c1-19 c1-17 c1-16 c1-18 c1-b c1-82 c1-62 c1-44 c1-65 c1-67 c1-68 c1-69\" role=\"heading\" aria-level=\"4\" data-ux=\"ContentHeading\" data-aid=\"CONTENT_HEADLINE2_RENDERED\" data-typography=\"HeadingDelta\"><span style=\"font-weight: normal;\">1. Screening and timely detection of problematic human resources.<\/span><\/h4><\/div><div id=\"2652d49c-eb55-42c8-935b-617506ef05ea\" class=\"x-el x-el-div x-el c1-1 c1-2 c1-15 c1-5d c1-4 c1-7w c1-7x c1-1d c1-7y c1-7t c1-b c1-c c1-7z c1-80 c1-d c1-e c1-f c1-g c1-1 c1-2 c1-b c1-c c1-d c1-e c1-f c1-g\" data-ux=\"ContentBasic\"><h4 class=\"x-el x-el-h4 c1-1 c1-2 c1-1q c1-1f c1-81 c1-19 c1-17 c1-16 c1-18 c1-b c1-82 c1-62 c1-44 c1-65 c1-67 c1-68 c1-69\" role=\"heading\" aria-level=\"4\" data-ux=\"ContentHeading\" data-aid=\"CONTENT_HEADLINE3_RENDERED\" data-typography=\"HeadingDelta\"><span style=\"font-weight: normal;\">2. Selection of the right human talent compatible with the company.<\/span><\/h4><\/div><div id=\"4a51685b-eb9c-4a60-b514-6913936eaef9\" class=\"x-el x-el-div x-el c1-1 c1-2 c1-15 c1-5d c1-4 c1-7w c1-7x c1-1d c1-7y c1-7t c1-b c1-c c1-7z c1-80 c1-d c1-e c1-f c1-g c1-1 c1-2 c1-b c1-c c1-d c1-e c1-f c1-g\" data-ux=\"ContentBasic\"><h4 class=\"x-el x-el-h4 c1-1 c1-2 c1-1q c1-1f c1-81 c1-19 c1-17 c1-16 c1-18 c1-b c1-82 c1-62 c1-44 c1-65 c1-67 c1-68 c1-69\" role=\"heading\" aria-level=\"4\" data-ux=\"ContentHeading\" data-aid=\"CONTENT_HEADLINE4_RENDERED\" data-typography=\"HeadingDelta\"><span style=\"font-weight: normal;\">3. Filtering current employees of the company to assess their true compatibility with it.<\/span><\/h4><\/div><div id=\"b15e5e09-dfef-455d-90f8-dea167fa2cfd\" class=\"x-el x-el-div x-el c1-1 c1-2 c1-15 c1-5d c1-4 c1-7w c1-7x c1-1d c1-7y c1-7t c1-b c1-c c1-7z c1-80 c1-d c1-e c1-f c1-g c1-1 c1-2 c1-b c1-c c1-d c1-e c1-f c1-g\" data-ux=\"ContentBasic\"><h4 class=\"x-el x-el-h4 c1-1 c1-2 c1-1q c1-1f c1-81 c1-19 c1-17 c1-16 c1-18 c1-b c1-82 c1-62 c1-44 c1-65 c1-67 c1-68 c1-69\" role=\"heading\" aria-level=\"4\" data-ux=\"ContentHeading\" data-aid=\"CONTENT_HEADLINE5_RENDERED\" data-typography=\"HeadingDelta\"><span style=\"font-weight: normal;\">4. Employee compatibility levels with countries around the world.<\/span><\/h4><\/div><div id=\"32e06a01-6548-45f6-ab24-82d57ee4f91b\" class=\"x-el x-el-div x-el c1-1 c1-2 c1-15 c1-5d c1-4 c1-7w c1-7x c1-1d c1-7y c1-7t c1-b c1-c c1-7z c1-80 c1-d c1-e c1-f c1-g c1-1 c1-2 c1-b c1-c c1-d c1-e c1-f c1-g\" data-ux=\"ContentBasic\"><h4 class=\"x-el x-el-h4 c1-1 c1-2 c1-1q c1-1f c1-81 c1-19 c1-17 c1-16 c1-18 c1-b c1-82 c1-62 c1-44 c1-65 c1-67 c1-68 c1-69\" role=\"heading\" aria-level=\"4\" data-ux=\"ContentHeading\" data-aid=\"CONTENT_HEADLINE6_RENDERED\" data-typography=\"HeadingDelta\"><span style=\"font-weight: normal;\">\u00a0<\/span><\/h4><h4 class=\"x-el x-el-h4 c1-1 c1-2 c1-1q c1-1f c1-81 c1-19 c1-17 c1-16 c1-18 c1-b c1-82 c1-62 c1-44 c1-65 c1-67 c1-68 c1-69\" role=\"heading\" aria-level=\"4\" data-ux=\"ContentHeading\" data-aid=\"CONTENT_HEADLINE6_RENDERED\" data-typography=\"HeadingDelta\">Price<\/h4><div class=\"x-el c1-1 c1-2 c1-1q c1-1f c1-4z c1-16 c1-18 c1-83 c1-84 c1-85 c1-86 c1-87 c1-88 c1-89 c1-8a c1-8b c1-8c c1-8d c1-8e c1-8f c1-8g c1-8h c1-8i c1-8j c1-8k c1-8l c1-8m c1-8n c1-8o c1-8p c1-8q c1-8r c1-8s c1-8t c1-8u c1-8v c1-8w c1-8x c1-8y c1-8z c1-7b c1-b c1-90 c1-c c1-44 c1-d c1-e c1-f c1-g x-rt\" data-ux=\"ContentText\" data-aid=\"CONTENT_DESCRIPTION6_RENDERED\" data-typography=\"BodyAlpha\"><p>Package for one to ten individuals: <strong class=\"x-el x-el-span c1-1n c1-1o c1-b c1-91 c1-32 c1-4v c1-92\">US$100.00. <\/strong>per package.<\/p><\/div><\/div>\t\t\t\t\t\t\t\t<\/div>\n\t\t\t\t<\/div>\n\t\t\t\t\t<\/div>\n\t\t<\/div>\n\t\t\t\t\t<\/div>\n\t\t<\/section>\n\t\t\t\t<div class=\"elementor-element elementor-element-4d2e6a3 elementor-widget elementor-widget-spacer\" data-id=\"4d2e6a3\" data-element_type=\"widget\" data-e-type=\"widget\" data-widget_type=\"spacer.default\">\n\t\t\t\t<div class=\"elementor-widget-container\">\n\t\t\t\t\t\t\t<div class=\"elementor-spacer\">\n\t\t\t<div class=\"elementor-spacer-inner\"><\/div>\n\t\t<\/div>\n\t\t\t\t\t\t<\/div>\n\t\t\t\t<\/div>\n\t\t\t\t<div class=\"elementor-element elementor-element-b87af3e elementor-widget elementor-widget-text-editor\" data-id=\"b87af3e\" data-element_type=\"widget\" data-e-type=\"widget\" data-widget_type=\"text-editor.default\">\n\t\t\t\t<div class=\"elementor-widget-container\">\n\t\t\t\t\t\t\t\t\t<h3 class=\"x-el x-el-h4 c1-1 c1-2 c1-1q c1-1f c1-81 c1-19 c1-17 c1-16 c1-18 c1-b c1-6j c1-5j c1-44 c1-5l c1-5m c1-5n c1-5o\" role=\"heading\" aria-level=\"4\" data-ux=\"ContentHeading\" data-aid=\"CONTENT_MEDIA_HEADLINE1_RENDERED\" data-typography=\"HeadingGamma\" data-font-scaled=\"true\">Human Talent Filtering and Selection<\/h3><div class=\"x-el c1-1 c1-2 c1-1q c1-1f c1-4z c1-16 c1-18 c1-83 c1-84 c1-85 c1-86 c1-87 c1-88 c1-89 c1-8a c1-8b c1-8c c1-8d c1-8e c1-8f c1-8g c1-8h c1-8i c1-8j c1-8k c1-8l c1-8m c1-8n c1-8o c1-8p c1-8q c1-8r c1-8s c1-8t c1-8u c1-8v c1-8w c1-8x c1-8y c1-8z c1-7b c1-b c1-99 c1-9a c1-44 c1-9b c1-9c c1-9d c1-9e x-rt\" data-ux=\"ContentText\" data-aid=\"CONTENT_MEDIA_DESCRIPTION1_RENDERED\" data-typography=\"BodyAlpha\" data-font-scaled=\"true\"><p>It is possible to determine the compatibility levels between the human talent and companies through a quantum comparison of their own Algorithms or Quantum Creation Designs. We significantly optimize the services of recruitment companies that request our assistance.<\/p><p><em class=\"x-el x-el-span c1-1n c1-1o c1-b c1-91 c1-32 c1-20 c1-92 c1-93\"><strong class=\"x-el x-el-span c1-1n c1-1o c1-b c1-91 c1-32 c1-4v c1-92\">We do not need to perform psychometric tests, aptitude tests, or communicate directly with candidates, nor request any type of personal documentation.<\/strong><\/em><\/p><\/div>\t\t\t\t\t\t\t\t<\/div>\n\t\t\t\t<\/div>\n\t\t\t\t<div class=\"elementor-element elementor-element-ee4b294 elementor-widget-divider--view-line elementor-widget elementor-widget-divider\" data-id=\"ee4b294\" data-element_type=\"widget\" data-e-type=\"widget\" data-widget_type=\"divider.default\">\n\t\t\t\t<div class=\"elementor-widget-container\">\n\t\t\t\t\t\t\t<div class=\"elementor-divider\">\n\t\t\t<span class=\"elementor-divider-separator\">\n\t\t\t\t\t\t<\/span>\n\t\t<\/div>\n\t\t\t\t\t\t<\/div>\n\t\t\t\t<\/div>\n\t\t\t\t<div class=\"elementor-element elementor-element-3ab869f elementor-widget elementor-widget-text-editor\" data-id=\"3ab869f\" data-element_type=\"widget\" data-e-type=\"widget\" data-widget_type=\"text-editor.default\">\n\t\t\t\t<div class=\"elementor-widget-container\">\n\t\t\t\t\t\t\t\t\t<h4 class=\"x-el x-el-h4 c1-1 c1-2 c1-1q c1-1f c1-81 c1-19 c1-17 c1-16 c1-18 c1-b c1-82 c1-62 c1-44 c1-65 c1-67 c1-68 c1-69\" role=\"heading\" aria-level=\"4\" data-ux=\"FeaturedHeading\" data-aid=\"CONTENT_WELCOME_TITLE_RENDERED\" data-typography=\"HeadingDelta\">Requirements<\/h4><div class=\"x-el c1-1 c1-2 c1-1q c1-1f c1-4z c1-16 c1-18 c1-83 c1-84 c1-85 c1-86 c1-87 c1-88 c1-89 c1-8a c1-8b c1-8c c1-8d c1-8e c1-8f c1-8g c1-8h c1-8i c1-8j c1-8k c1-8l c1-8m c1-8n c1-8o c1-8p c1-8q c1-8r c1-8s c1-8t c1-8u c1-8v c1-8w c1-8x c1-8y c1-8z c1-7b c1-b c1-90 c1-c c1-44 c1-d c1-e c1-f c1-g x-rt\" data-ux=\"FeaturedText\" data-aid=\"CONTENT_WELCOME_DESCRIPTION_RENDERED\" data-typography=\"BodyAlpha\"><p><strong class=\"x-el x-el-span c1-1n c1-1o c1-b c1-91 c1-32 c1-4v c1-92\">Policies, Terms, and Conditions<\/strong><\/p><p>1) In the case of our OCUS HR services for the selection and screening of human resources, the Director, CHRO, or HR Manager must sign an authorization letter agreeing to allow QSP to use its technology to screen the prospects or employees to be evaluated.<\/p><p>2) The human talent to be evaluated must provide their consent and authorization to undergo our technology as part of the selection process for the recruiting company requesting our services. If this is not the case, the recruiting company will assume any liability.\u00a0<\/p><p>3) Only compatibility, screening, and selection results will be provided. We will not disclose any other information related to the Personal Algorithm of candidates or the evaluated Companies' Algorithms to the recruiting company.<\/p><p>4) To obtain the Company's Algorithm analysis, you must be the CEO, co-founder, owner, or part of the company's board of directors (with prior authorization from other executives). You must demonstrate that you hold one of these positions as no information will be provided to anyone who does not meet these requirements.<\/p><p>5) Payment for the service is required to obtain the list of results from the screening and selection of the evaluated human talents.<\/p><p>6) Payment is required to automatically access your work session with the scientist to obtain your Company's Algorithm.\u00a0<\/p><p><strong class=\"x-el x-el-span c1-1n c1-1o c1-b c1-91 c1-32 c1-4v c1-92\">Confidentiality Agreement and Authorization Letter<\/strong><\/p><p>We consider it important to have a confidentiality agreement (NDA) between the parties so that, among other things, Ocus agrees to protect and not disclose confidential information from your company. In turn, you agree to protect and reasonably use the deliverables of your Company's Algorithm or any other services.<\/p><p>To do so, you will need to sign a document through DocuSign, which will be sent to your email.<\/p><p>Contact us to provide you with more information, send you the payment link, and the confidentiality agreement documents.\u00a0<\/p><\/div>\t\t\t\t\t\t\t\t<\/div>\n\t\t\t\t<\/div>\n\t\t\t\t<div class=\"elementor-element elementor-element-1a19455 elementor-widget-divider--view-line elementor-widget elementor-widget-divider\" data-id=\"1a19455\" data-element_type=\"widget\" data-e-type=\"widget\" data-widget_type=\"divider.default\">\n\t\t\t\t<div class=\"elementor-widget-container\">\n\t\t\t\t\t\t\t<div class=\"elementor-divider\">\n\t\t\t<span class=\"elementor-divider-separator\">\n\t\t\t\t\t\t<\/span>\n\t\t<\/div>\n\t\t\t\t\t\t<\/div>\n\t\t\t\t<\/div>\n\t\t\t\t<div class=\"elementor-element elementor-element-c11f766 elementor-widget elementor-widget-text-editor\" data-id=\"c11f766\" data-element_type=\"widget\" data-e-type=\"widget\" data-widget_type=\"text-editor.default\">\n\t\t\t\t<div class=\"elementor-widget-container\">\n\t\t\t\t\t\t\t\t\t<h4 class=\"x-el x-el-h4 c1-1 c1-2 c1-1q c1-1f c1-81 c1-19 c1-17 c1-16 c1-18 c1-b c1-9r c1-62 c1-44 c1-65 c1-67 c1-68 c1-69\" role=\"heading\" aria-level=\"4\" data-ux=\"FeaturedHeading\" data-aid=\"CONTENT_WELCOME_TITLE_RENDERED\" data-typography=\"HeadingDelta\">Process and Recommendations<\/h4><div class=\"x-el c1-1 c1-2 c1-1q c1-1f c1-4z c1-16 c1-18 c1-83 c1-84 c1-85 c1-86 c1-87 c1-88 c1-89 c1-8a c1-8b c1-8c c1-8d c1-8e c1-8f c1-8g c1-8h c1-8i c1-8j c1-8k c1-8l c1-8m c1-8n c1-8o c1-8p c1-8q c1-8r c1-8s c1-8t c1-8u c1-8v c1-8w c1-8x c1-8y c1-8z c1-7b c1-b c1-99 c1-c c1-44 c1-d c1-e c1-f c1-g x-rt\" data-ux=\"FeaturedText\" data-aid=\"CONTENT_WELCOME_DESCRIPTION_RENDERED\" data-typography=\"BodyAlpha\"><ol><li>Sign the confidentiality and HR management authorization document through DocuSign.<\/li><li>Make your payment for the service you wish to obtain (price per person) via a payment link through Stripe, PayPal, or bank transfer.<\/li><\/ol><\/div>\t\t\t\t\t\t\t\t<\/div>\n\t\t\t\t<\/div>\n\t\t\t\t<div class=\"elementor-element elementor-element-47a0cacc elementor-align-center elementor-widget elementor-widget-button\" data-id=\"47a0cacc\" data-element_type=\"widget\" data-e-type=\"widget\" data-widget_type=\"button.default\">\n\t\t\t\t<div class=\"elementor-widget-container\">\n\t\t\t\t\t\t\t\t\t<div class=\"elementor-button-wrapper\">\n\t\t\t\t\t<a class=\"elementor-button elementor-button-link elementor-size-lg\" href=\"https:\/\/ocusgroup.org\/en\/preguntas-frecuentes-de-rrhh\/\">\n\t\t\t\t\t\t<span class=\"elementor-button-content-wrapper\">\n\t\t\t\t\t\t<span class=\"elementor-button-icon\">\n\t\t\t\t<i aria-hidden=\"true\" class=\"fas fa-location-arrow\"><\/i>\t\t\t<\/span>\n\t\t\t\t\t\t\t\t\t<span class=\"elementor-button-text\">FAQ<\/span>\n\t\t\t\t\t<\/span>\n\t\t\t\t\t<\/a>\n\t\t\t\t<\/div>\n\t\t\t\t\t\t\t\t<\/div>\n\t\t\t\t<\/div>\n\t\t\t\t\t<\/div>\n\t\t<\/div>\n\t\t\t\t\t<\/div>\n\t\t<\/section>\n\t\t\t\t<\/div>","protected":false},"excerpt":{"rendered":"<p>OCUS RRHH 1. Filtraci\u00f3n y detecci\u00f3n oportuna del recurso humano problem\u00e1tico. 2. Selecci\u00f3n del recurso humano id\u00f3neo y compatible con la empresa. 3. Filtrar a los empleados actuales de la empresa y conocer su compatibilidad real con ella. 4. Nivel de compatibilidad de empleados con los pa\u00edses del mundo \u00a0 Precio Paquete de una a&#8230;<\/p>","protected":false},"author":1,"featured_media":0,"parent":0,"menu_order":0,"comment_status":"closed","ping_status":"closed","template":"","meta":{"_kad_post_transparent":"","_kad_post_title":"hide","_kad_post_layout":"fullwidth","_kad_post_sidebar_id":"","_kad_post_content_style":"unboxed","_kad_post_vertical_padding":"hide","_kad_post_feature":"hide","_kad_post_feature_position":"","_kad_post_header":false,"_kad_post_footer":false,"_kad_post_classname":"","footnotes":""},"class_list":["post-1346","page","type-page","status-publish","hentry"],"yoast_head":"<!-- This site is optimized with the Yoast SEO plugin v27.4 - https:\/\/yoast.com\/product\/yoast-seo-wordpress\/ -->\n<title>OCUS RRHH - Ocus<\/title>\n<meta name=\"robots\" content=\"index, follow, max-snippet:-1, max-image-preview:large, max-video-preview:-1\" \/>\n<link rel=\"canonical\" href=\"https:\/\/ocusgroup.org\/en\/reclutamiento-y-seleccion-de-personal-con-ocus\/\" \/>\n<meta property=\"og:locale\" content=\"en_US\" \/>\n<meta property=\"og:type\" content=\"article\" \/>\n<meta property=\"og:title\" content=\"OCUS RRHH - Ocus\" \/>\n<meta property=\"og:description\" content=\"OCUS RRHH 1. Filtraci\u00f3n y detecci\u00f3n oportuna del recurso humano problem\u00e1tico. 2. Selecci\u00f3n del recurso humano id\u00f3neo y compatible con la empresa. 3. Filtrar a los empleados actuales de la empresa y conocer su compatibilidad real con ella. 4. Nivel de compatibilidad de empleados con los pa\u00edses del mundo \u00a0 Precio Paquete de una a...\" \/>\n<meta property=\"og:url\" content=\"https:\/\/ocusgroup.org\/en\/reclutamiento-y-seleccion-de-personal-con-ocus\/\" \/>\n<meta property=\"og:site_name\" content=\"Ocus\" \/>\n<meta property=\"article:modified_time\" content=\"2024-12-21T02:49:11+00:00\" \/>\n<meta property=\"og:image\" content=\"https:\/\/ocusgroup.org\/wp-content\/uploads\/2021\/07\/RECLUTAMIENTO-Y-SELECCION-DE-PERSONAL-CON-OCUS.jpg\" \/>\n<meta name=\"twitter:card\" content=\"summary_large_image\" \/>\n<meta name=\"twitter:label1\" content=\"Est. reading time\" \/>\n\t<meta name=\"twitter:data1\" content=\"3 minutes\" \/>\n<script type=\"application\/ld+json\" class=\"yoast-schema-graph\">{\"@context\":\"https:\\\/\\\/schema.org\",\"@graph\":[{\"@type\":\"WebPage\",\"@id\":\"https:\\\/\\\/ocusgroup.org\\\/en\\\/reclutamiento-y-seleccion-de-personal-con-ocus\\\/\",\"url\":\"https:\\\/\\\/ocusgroup.org\\\/en\\\/reclutamiento-y-seleccion-de-personal-con-ocus\\\/\",\"name\":\"OCUS RRHH - Ocus\",\"isPartOf\":{\"@id\":\"https:\\\/\\\/ocusgroup.org\\\/#website\"},\"primaryImageOfPage\":{\"@id\":\"https:\\\/\\\/ocusgroup.org\\\/en\\\/reclutamiento-y-seleccion-de-personal-con-ocus\\\/#primaryimage\"},\"image\":{\"@id\":\"https:\\\/\\\/ocusgroup.org\\\/en\\\/reclutamiento-y-seleccion-de-personal-con-ocus\\\/#primaryimage\"},\"thumbnailUrl\":\"https:\\\/\\\/ocusgroup.org\\\/wp-content\\\/uploads\\\/2021\\\/07\\\/RECLUTAMIENTO-Y-SELECCION-DE-PERSONAL-CON-OCUS.jpg\",\"datePublished\":\"2021-07-07T22:07:03+00:00\",\"dateModified\":\"2024-12-21T02:49:11+00:00\",\"breadcrumb\":{\"@id\":\"https:\\\/\\\/ocusgroup.org\\\/en\\\/reclutamiento-y-seleccion-de-personal-con-ocus\\\/#breadcrumb\"},\"inLanguage\":\"en-US\",\"potentialAction\":[{\"@type\":\"ReadAction\",\"target\":[\"https:\\\/\\\/ocusgroup.org\\\/en\\\/reclutamiento-y-seleccion-de-personal-con-ocus\\\/\"]}]},{\"@type\":\"ImageObject\",\"inLanguage\":\"en-US\",\"@id\":\"https:\\\/\\\/ocusgroup.org\\\/en\\\/reclutamiento-y-seleccion-de-personal-con-ocus\\\/#primaryimage\",\"url\":\"https:\\\/\\\/ocusgroup.org\\\/wp-content\\\/uploads\\\/2021\\\/07\\\/RECLUTAMIENTO-Y-SELECCION-DE-PERSONAL-CON-OCUS.jpg\",\"contentUrl\":\"https:\\\/\\\/ocusgroup.org\\\/wp-content\\\/uploads\\\/2021\\\/07\\\/RECLUTAMIENTO-Y-SELECCION-DE-PERSONAL-CON-OCUS.jpg\"},{\"@type\":\"BreadcrumbList\",\"@id\":\"https:\\\/\\\/ocusgroup.org\\\/en\\\/reclutamiento-y-seleccion-de-personal-con-ocus\\\/#breadcrumb\",\"itemListElement\":[{\"@type\":\"ListItem\",\"position\":1,\"name\":\"Portada\",\"item\":\"https:\\\/\\\/ocusgroup.org\\\/\"},{\"@type\":\"ListItem\",\"position\":2,\"name\":\"OCUS RRHH\"}]},{\"@type\":\"WebSite\",\"@id\":\"https:\\\/\\\/ocusgroup.org\\\/#website\",\"url\":\"https:\\\/\\\/ocusgroup.org\\\/\",\"name\":\"Ocus\",\"description\":\"Science Behind Success\",\"publisher\":{\"@id\":\"https:\\\/\\\/ocusgroup.org\\\/#organization\"},\"potentialAction\":[{\"@type\":\"SearchAction\",\"target\":{\"@type\":\"EntryPoint\",\"urlTemplate\":\"https:\\\/\\\/ocusgroup.org\\\/?s={search_term_string}\"},\"query-input\":{\"@type\":\"PropertyValueSpecification\",\"valueRequired\":true,\"valueName\":\"search_term_string\"}}],\"inLanguage\":\"en-US\"},{\"@type\":\"Organization\",\"@id\":\"https:\\\/\\\/ocusgroup.org\\\/#organization\",\"name\":\"Ocus\",\"url\":\"https:\\\/\\\/ocusgroup.org\\\/\",\"logo\":{\"@type\":\"ImageObject\",\"inLanguage\":\"en-US\",\"@id\":\"https:\\\/\\\/ocusgroup.org\\\/#\\\/schema\\\/logo\\\/image\\\/\",\"url\":\"https:\\\/\\\/ocusgroup.org\\\/wp-content\\\/uploads\\\/2021\\\/06\\\/Ocus-AZUL.png\",\"contentUrl\":\"https:\\\/\\\/ocusgroup.org\\\/wp-content\\\/uploads\\\/2021\\\/06\\\/Ocus-AZUL.png\",\"width\":2400,\"height\":1425,\"caption\":\"Ocus\"},\"image\":{\"@id\":\"https:\\\/\\\/ocusgroup.org\\\/#\\\/schema\\\/logo\\\/image\\\/\"}}]}<\/script>\n<!-- \/ Yoast SEO plugin. -->","yoast_head_json":{"title":"OCUS RRHH - Ocus","robots":{"index":"index","follow":"follow","max-snippet":"max-snippet:-1","max-image-preview":"max-image-preview:large","max-video-preview":"max-video-preview:-1"},"canonical":"https:\/\/ocusgroup.org\/en\/reclutamiento-y-seleccion-de-personal-con-ocus\/","og_locale":"en_US","og_type":"article","og_title":"OCUS RRHH - Ocus","og_description":"OCUS RRHH 1. Filtraci\u00f3n y detecci\u00f3n oportuna del recurso humano problem\u00e1tico. 2. Selecci\u00f3n del recurso humano id\u00f3neo y compatible con la empresa. 3. Filtrar a los empleados actuales de la empresa y conocer su compatibilidad real con ella. 4. Nivel de compatibilidad de empleados con los pa\u00edses del mundo \u00a0 Precio Paquete de una a...","og_url":"https:\/\/ocusgroup.org\/en\/reclutamiento-y-seleccion-de-personal-con-ocus\/","og_site_name":"Ocus","article_modified_time":"2024-12-21T02:49:11+00:00","og_image":[{"url":"https:\/\/ocusgroup.org\/wp-content\/uploads\/2021\/07\/RECLUTAMIENTO-Y-SELECCION-DE-PERSONAL-CON-OCUS.jpg","type":"","width":"","height":""}],"twitter_card":"summary_large_image","twitter_misc":{"Est. reading time":"3 minutes"},"schema":{"@context":"https:\/\/schema.org","@graph":[{"@type":"WebPage","@id":"https:\/\/ocusgroup.org\/en\/reclutamiento-y-seleccion-de-personal-con-ocus\/","url":"https:\/\/ocusgroup.org\/en\/reclutamiento-y-seleccion-de-personal-con-ocus\/","name":"OCUS RRHH - Ocus","isPartOf":{"@id":"https:\/\/ocusgroup.org\/#website"},"primaryImageOfPage":{"@id":"https:\/\/ocusgroup.org\/en\/reclutamiento-y-seleccion-de-personal-con-ocus\/#primaryimage"},"image":{"@id":"https:\/\/ocusgroup.org\/en\/reclutamiento-y-seleccion-de-personal-con-ocus\/#primaryimage"},"thumbnailUrl":"https:\/\/ocusgroup.org\/wp-content\/uploads\/2021\/07\/RECLUTAMIENTO-Y-SELECCION-DE-PERSONAL-CON-OCUS.jpg","datePublished":"2021-07-07T22:07:03+00:00","dateModified":"2024-12-21T02:49:11+00:00","breadcrumb":{"@id":"https:\/\/ocusgroup.org\/en\/reclutamiento-y-seleccion-de-personal-con-ocus\/#breadcrumb"},"inLanguage":"en-US","potentialAction":[{"@type":"ReadAction","target":["https:\/\/ocusgroup.org\/en\/reclutamiento-y-seleccion-de-personal-con-ocus\/"]}]},{"@type":"ImageObject","inLanguage":"en-US","@id":"https:\/\/ocusgroup.org\/en\/reclutamiento-y-seleccion-de-personal-con-ocus\/#primaryimage","url":"https:\/\/ocusgroup.org\/wp-content\/uploads\/2021\/07\/RECLUTAMIENTO-Y-SELECCION-DE-PERSONAL-CON-OCUS.jpg","contentUrl":"https:\/\/ocusgroup.org\/wp-content\/uploads\/2021\/07\/RECLUTAMIENTO-Y-SELECCION-DE-PERSONAL-CON-OCUS.jpg"},{"@type":"BreadcrumbList","@id":"https:\/\/ocusgroup.org\/en\/reclutamiento-y-seleccion-de-personal-con-ocus\/#breadcrumb","itemListElement":[{"@type":"ListItem","position":1,"name":"Portada","item":"https:\/\/ocusgroup.org\/"},{"@type":"ListItem","position":2,"name":"OCUS RRHH"}]},{"@type":"WebSite","@id":"https:\/\/ocusgroup.org\/#website","url":"https:\/\/ocusgroup.org\/","name":"Ocus","description":"Science Behind Success","publisher":{"@id":"https:\/\/ocusgroup.org\/#organization"},"potentialAction":[{"@type":"SearchAction","target":{"@type":"EntryPoint","urlTemplate":"https:\/\/ocusgroup.org\/?s={search_term_string}"},"query-input":{"@type":"PropertyValueSpecification","valueRequired":true,"valueName":"search_term_string"}}],"inLanguage":"en-US"},{"@type":"Organization","@id":"https:\/\/ocusgroup.org\/#organization","name":"Ocus","url":"https:\/\/ocusgroup.org\/","logo":{"@type":"ImageObject","inLanguage":"en-US","@id":"https:\/\/ocusgroup.org\/#\/schema\/logo\/image\/","url":"https:\/\/ocusgroup.org\/wp-content\/uploads\/2021\/06\/Ocus-AZUL.png","contentUrl":"https:\/\/ocusgroup.org\/wp-content\/uploads\/2021\/06\/Ocus-AZUL.png","width":2400,"height":1425,"caption":"Ocus"},"image":{"@id":"https:\/\/ocusgroup.org\/#\/schema\/logo\/image\/"}}]}},"_links":{"self":[{"href":"https:\/\/ocusgroup.org\/en\/wp-json\/wp\/v2\/pages\/1346","targetHints":{"allow":["GET"]}}],"collection":[{"href":"https:\/\/ocusgroup.org\/en\/wp-json\/wp\/v2\/pages"}],"about":[{"href":"https:\/\/ocusgroup.org\/en\/wp-json\/wp\/v2\/types\/page"}],"author":[{"embeddable":true,"href":"https:\/\/ocusgroup.org\/en\/wp-json\/wp\/v2\/users\/1"}],"replies":[{"embeddable":true,"href":"https:\/\/ocusgroup.org\/en\/wp-json\/wp\/v2\/comments?post=1346"}],"version-history":[{"count":31,"href":"https:\/\/ocusgroup.org\/en\/wp-json\/wp\/v2\/pages\/1346\/revisions"}],"predecessor-version":[{"id":2280,"href":"https:\/\/ocusgroup.org\/en\/wp-json\/wp\/v2\/pages\/1346\/revisions\/2280"}],"wp:attachment":[{"href":"https:\/\/ocusgroup.org\/en\/wp-json\/wp\/v2\/media?parent=1346"}],"curies":[{"name":"wp","href":"https:\/\/api.w.org\/{rel}","templated":true}]}}